{"id":929,"date":"2023-08-24T11:54:45","date_gmt":"2023-08-24T09:54:45","guid":{"rendered":"https:\/\/pascal-lucke.de\/?page_id=929"},"modified":"2023-10-19T10:14:34","modified_gmt":"2023-10-19T08:14:34","slug":"the-harmony-sound-orchestra","status":"publish","type":"page","link":"https:\/\/pascal-lucke.de\/?page_id=929","title":{"rendered":"The Harmony Sound Orchestra"},"content":{"rendered":"\n<figure class=\"wp-block-image alignright size-thumbnail\"><img loading=\"lazy\" decoding=\"async\" width=\"150\" height=\"150\" src=\"https:\/\/pascal-lucke.de\/wp-content\/uploads\/2023\/08\/Logo-HSO-150x150.jpg\" alt=\"\" class=\"wp-image-931\" srcset=\"https:\/\/pascal-lucke.de\/wp-content\/uploads\/2023\/08\/Logo-HSO-150x150.jpg 150w, https:\/\/pascal-lucke.de\/wp-content\/uploads\/2023\/08\/Logo-HSO-600x600.jpg 600w\" sizes=\"auto, (max-width: 150px) 100vw, 150px\" \/><\/figure>\n\n\n\n<p class=\"wp-block-paragraph\"><strong>Beginn:<\/strong> 26. Oktober 2023 <br><strong>Uhrzeit:<\/strong> 19 Uhr <br><strong>Ort:<\/strong> Dietrich-Bonhoeffer-Haus Mechernich (Dietrich-Bonhoeffer-Stra\u00dfe 1, 53894 Mechernich)<br><strong>Leitung:<\/strong> Pascal Lucke<\/p>\n\n\n\n<p class=\"wp-block-paragraph\">Wir sind begeistert, die Gr\u00fcndung unseres brandneuen Orchesters bekannt zu geben und laden alle Musikliebhaber ein, sich uns anzuschlie\u00dfen! Die B\u00fchne ist gesetzt, die Noten sind bereit, und ab dem 26. Oktober 2023 beginnen wir unsere musikalische Reise.<\/p>\n\n\n\n<p class=\"wp-block-paragraph\">Ob du ein Virtuose auf deinem Instrument bist, einfach nur die Freude am Musizieren teilst oder du noch Musiksch\u00fcler bist und erste Erfahrungen sammeln m\u00f6chtest, wir laden dich herzlich ein, Teil dieser aufregenden Neugr\u00fcndung zu werden. Gemeinsam werden wir Harmonien schaffen, die Herzen ber\u00fchren und Geschichten erz\u00e4hlen.<\/p>\n\n\n\n<p class=\"wp-block-paragraph\">Egal welches Instrument du spielst, wir suchen nach talentierten Musikern aller Altersklassen, die unsere musikalische Vision teilen und bereit sind, sich in unsere Gemeinschaft einzubringen. Zusammen werden wir klassische Meisterwerke interpretieren und moderne Kompositionen zum Leben erwecken und uns auf die spannende Reise der Filmmusik begeben.<\/p>\n\n\n\n<p class=\"wp-block-paragraph\">Unsere erste Probe beginnt am Donnerstag, <strong>26. Oktober 2023<\/strong>, um <strong>19 Uhr<\/strong> im Dietrich-Bonhoeffer-Haus in Mechernich. Diese Gelegenheit bietet nicht nur die Chance, in einem aufstrebenden Orchester mitzuwirken, sondern auch neue Freundschaften zu kn\u00fcpfen und in einer Umgebung zu wachsen, die von Kreativit\u00e4t und Zusammenarbeit gepr\u00e4gt ist.<\/p>\n\n\n\n<p class=\"wp-block-paragraph\">Verpasse nicht die Chance, Teil einer musikalischen Reise zu werden, die in den Herzen der Zuh\u00f6rer einen bleibenden Eindruck hinterlassen wird. Bei Interesse freuen wir uns \u00fcber eine unverbindliche Anmeldung beim Musikalischen Leiter Pascal Lucke (0170-8795908 oder pascal.lucke@t-online.de).<\/p>\n\n\n\n<div class=\"wp-block-file\"><a id=\"wp-block-file--media-76f56369-39fc-45a0-9e74-c916b261798b\" href=\"https:\/\/pascal-lucke.de\/wp-content\/uploads\/2023\/08\/Ankuendigungsschreiben-HSO-Presse.pdf\" target=\"_blank\" rel=\"noreferrer noopener\">Pressemitteilung<\/a><\/div>\n\n\n\n<h2 class=\"wp-block-heading\">Hier kannst Du Dich anmelden!<\/h2>\n\n\n\n<div class=\"wpcf7 no-js\" id=\"wpcf7-f943-o1\" lang=\"de-DE\" dir=\"ltr\" data-wpcf7-id=\"943\">\n<div class=\"screen-reader-response\"><p role=\"status\" aria-live=\"polite\" aria-atomic=\"true\"><\/p> <ul><\/ul><\/div>\n<form action=\"\/index.php?rest_route=%2Fwp%2Fv2%2Fpages%2F929#wpcf7-f943-o1\" method=\"post\" class=\"wpcf7-form init\" aria-label=\"Kontaktformular\" novalidate=\"novalidate\" data-status=\"init\">\n<fieldset class=\"hidden-fields-container\"><input type=\"hidden\" name=\"_wpcf7\" value=\"943\" \/><input type=\"hidden\" name=\"_wpcf7_version\" value=\"6.1.5\" \/><input type=\"hidden\" name=\"_wpcf7_locale\" value=\"de_DE\" \/><input type=\"hidden\" name=\"_wpcf7_unit_tag\" value=\"wpcf7-f943-o1\" \/><input type=\"hidden\" name=\"_wpcf7_container_post\" value=\"0\" \/><input type=\"hidden\" name=\"_wpcf7_posted_data_hash\" value=\"\" \/>\n<\/fieldset>\n<p><label> Dein Name<br \/>\n<span class=\"wpcf7-form-control-wrap\" data-name=\"your-name\"><input size=\"40\" maxlength=\"400\" class=\"wpcf7-form-control wpcf7-text wpcf7-validates-as-required\" autocomplete=\"name\" aria-required=\"true\" aria-invalid=\"false\" value=\"\" type=\"text\" name=\"your-name\" \/><\/span> <\/label>\n<\/p>\n<p><label> Deine E-Mail-Adresse<br \/>\n<span class=\"wpcf7-form-control-wrap\" data-name=\"your-email\"><input size=\"40\" maxlength=\"400\" class=\"wpcf7-form-control wpcf7-email wpcf7-validates-as-required wpcf7-text wpcf7-validates-as-email\" autocomplete=\"email\" aria-required=\"true\" aria-invalid=\"false\" value=\"\" type=\"email\" name=\"your-email\" \/><\/span> <\/label>\n<\/p>\n<p><label> Deine Telefonnummer (optional)<br \/>\n<span class=\"wpcf7-form-control-wrap\" data-name=\"Telefonnummer\"><input size=\"40\" maxlength=\"400\" class=\"wpcf7-form-control wpcf7-tel wpcf7-text wpcf7-validates-as-tel\" aria-invalid=\"false\" value=\"\" type=\"tel\" name=\"Telefonnummer\" \/><\/span> <\/label>\n<\/p>\n<p><label> Wie sch\u00e4tzt Du Dich ein?<br \/>\n<span class=\"wpcf7-form-control-wrap\" data-name=\"Selbstauskunft\"><select class=\"wpcf7-form-control wpcf7-select wpcf7-validates-as-required\" aria-required=\"true\" aria-invalid=\"false\" name=\"Selbstauskunft\"><option value=\"Amateur\">Amateur<\/option><option value=\"Semiprofi\">Semiprofi<\/option><option value=\"Profi\">Profi<\/option><\/select><\/span> <\/label>\n<\/p>\n<p><label> Welches Instrument spielst Du? M\u00f6chtest Du sonst noch etwas mitteilen?<br \/>\n<span class=\"wpcf7-form-control-wrap\" data-name=\"your-message\"><textarea cols=\"40\" rows=\"10\" maxlength=\"2000\" class=\"wpcf7-form-control wpcf7-textarea wpcf7-validates-as-required\" aria-required=\"true\" aria-invalid=\"false\" name=\"your-message\"><\/textarea><\/span> <\/label>\n<\/p>\n<p><input class=\"wpcf7-form-control wpcf7-submit has-spinner\" type=\"submit\" value=\"Senden\" \/>\n<\/p><div class=\"wpcf7-response-output\" aria-hidden=\"true\"><\/div>\n<\/form>\n<\/div>\n\n","protected":false},"excerpt":{"rendered":"<p>Beginn: 26. Oktober 2023 Uhrzeit: 19 Uhr Ort: Dietrich-Bonhoeffer-Haus Mechernich (Dietrich-Bonhoeffer-Stra\u00dfe 1, 53894 Mechernich)Leitung: Pascal Lucke Wir sind begeistert, die Gr\u00fcndung unseres brandneuen Orchesters bekannt zu geben und laden alle Musikliebhaber ein, sich uns anzuschlie\u00dfen! Die B\u00fchne ist gesetzt, die Noten sind bereit, und ab dem 26. Oktober 2023 beginnen wir unsere musikalische Reise. Ob [&hellip;]<\/p>\n","protected":false},"author":2,"featured_media":0,"parent":0,"menu_order":0,"comment_status":"closed","ping_status":"closed","template":"","meta":{"_crdt_document":"","_uag_custom_page_level_css":"","advgb_blocks_editor_width":"","advgb_blocks_columns_visual_guide":"","site-sidebar-layout":"default","site-content-layout":"","ast-site-content-layout":"default","site-content-style":"default","site-sidebar-style":"default","ast-global-header-display":"","ast-banner-title-visibility":"","ast-main-header-display":"","ast-hfb-above-header-display":"","ast-hfb-below-header-display":"","ast-hfb-mobile-header-display":"","site-post-title":"","ast-breadcrumbs-content":"","ast-featured-img":"","footer-sml-layout":"","ast-disable-related-posts":"","theme-transparent-header-meta":"","adv-header-id-meta":"","stick-header-meta":"","header-above-stick-meta":"","header-main-stick-meta":"","header-below-stick-meta":"","astra-migrate-meta-layouts":"set","ast-page-background-enabled":"default","ast-page-background-meta":{"desktop":{"background-color":"","background-image":"","background-repeat":"repeat","background-position":"center center","background-size":"auto","background-attachment":"scroll","background-type":"","background-media":"","overlay-type":"","overlay-color":"","overlay-opacity":"","overlay-gradient":""},"tablet":{"background-color":"","background-image":"","background-repeat":"repeat","background-position":"center center","background-size":"auto","background-attachment":"scroll","background-type":"","background-media":"","overlay-type":"","overlay-color":"","overlay-opacity":"","overlay-gradient":""},"mobile":{"background-color":"","background-image":"","background-repeat":"repeat","background-position":"center center","background-size":"auto","background-attachment":"scroll","background-type":"","background-media":"","overlay-type":"","overlay-color":"","overlay-opacity":"","overlay-gradient":""}},"ast-content-background-meta":{"desktop":{"background-color":"var(--ast-global-color-5)","background-image":"","background-repeat":"repeat","background-position":"center center","background-size":"auto","background-attachment":"scroll","background-type":"","background-media":"","overlay-type":"","overlay-color":"","overlay-opacity":"","overlay-gradient":""},"tablet":{"background-color":"var(--ast-global-color-5)","background-image":"","background-repeat":"repeat","background-position":"center center","background-size":"auto","background-attachment":"scroll","background-type":"","background-media":"","overlay-type":"","overlay-color":"","overlay-opacity":"","overlay-gradient":""},"mobile":{"background-color":"var(--ast-global-color-5)","background-image":"","background-repeat":"repeat","background-position":"center center","background-size":"auto","background-attachment":"scroll","background-type":"","background-media":"","overlay-type":"","overlay-color":"","overlay-opacity":"","overlay-gradient":""}},"ngg_post_thumbnail":0,"footnotes":""},"class_list":["post-929","page","type-page","status-publish","hentry"],"featured_image_src":null,"featured_image_src_square":null,"uagb_featured_image_src":{"full":false,"thumbnail":false,"medium":false,"medium_large":false,"large":false,"1536x1536":false,"2048x2048":false,"ab-block-post-grid-landscape":false,"ab-block-post-grid-square":false},"uagb_author_info":{"display_name":"PL","author_link":"https:\/\/pascal-lucke.de\/?author=2"},"uagb_comment_info":0,"uagb_excerpt":"Beginn: 26. Oktober 2023 Uhrzeit: 19 Uhr Ort: Dietrich-Bonhoeffer-Haus Mechernich (Dietrich-Bonhoeffer-Stra\u00dfe 1, 53894 Mechernich)Leitung: Pascal Lucke Wir sind begeistert, die Gr\u00fcndung unseres brandneuen Orchesters bekannt zu geben und laden alle Musikliebhaber ein, sich uns anzuschlie\u00dfen! Die B\u00fchne ist gesetzt, die Noten sind bereit, und ab dem 26. Oktober 2023 beginnen wir unsere musikalische Reise. Ob&hellip;","coauthors":[],"author_meta":{"author_link":"https:\/\/pascal-lucke.de\/?author=2","display_name":"PL"},"relative_dates":{"created":"Ver\u00f6ffentlicht 3\u00a0Jahren vor","modified":"Aktualisiert 3\u00a0Jahren vor"},"absolute_dates":{"created":"Ver\u00f6ffentlicht am August 24, 2023","modified":"Aktualisiert am Oktober 19, 2023"},"absolute_dates_time":{"created":"Ver\u00f6ffentlicht am August 24, 2023 11:54 a.m.","modified":"Aktualisiert am Oktober 19, 2023 10:14 a.m."},"featured_img_caption":"","featured_img":false,"series_order":"","_links":{"self":[{"href":"https:\/\/pascal-lucke.de\/index.php?rest_route=\/wp\/v2\/pages\/929","targetHints":{"allow":["GET"]}}],"collection":[{"href":"https:\/\/pascal-lucke.de\/index.php?rest_route=\/wp\/v2\/pages"}],"about":[{"href":"https:\/\/pascal-lucke.de\/index.php?rest_route=\/wp\/v2\/types\/page"}],"author":[{"embeddable":true,"href":"https:\/\/pascal-lucke.de\/index.php?rest_route=\/wp\/v2\/users\/2"}],"replies":[{"embeddable":true,"href":"https:\/\/pascal-lucke.de\/index.php?rest_route=%2Fwp%2Fv2%2Fcomments&post=929"}],"version-history":[{"count":4,"href":"https:\/\/pascal-lucke.de\/index.php?rest_route=\/wp\/v2\/pages\/929\/revisions"}],"predecessor-version":[{"id":976,"href":"https:\/\/pascal-lucke.de\/index.php?rest_route=\/wp\/v2\/pages\/929\/revisions\/976"}],"wp:attachment":[{"href":"https:\/\/pascal-lucke.de\/index.php?rest_route=%2Fwp%2Fv2%2Fmedia&parent=929"}],"curies":[{"name":"wp","href":"https:\/\/api.w.org\/{rel}","templated":true}]}}