{"id":404,"date":"2020-10-06T12:12:06","date_gmt":"2020-10-06T12:12:06","guid":{"rendered":"https:\/\/pascal-lucke.de\/?page_id=404"},"modified":"2026-03-05T10:43:45","modified_gmt":"2026-03-05T09:43:45","slug":"partner-2","status":"publish","type":"page","link":"https:\/\/pascal-lucke.de\/?page_id=404","title":{"rendered":"Partner"},"content":{"rendered":"\n<div class=\"wp-block-group alignwide is-vertical is-layout-flex wp-container-core-group-is-layout-0454eb37 wp-block-group-is-layout-flex advgb-dyn-3209b95e\" style=\"padding-top:0;padding-bottom:0\">\n<figure class=\"wp-block-image aligncenter size-full is-resized\"><a href=\"https:\/\/www.schleiden.de\/musikschule\/\" target=\"_blank\" rel=\" noreferrer noopener\"><img loading=\"lazy\" decoding=\"async\" width=\"1395\" height=\"265\" src=\"https:\/\/pascal-lucke.de\/wp-content\/uploads\/2025\/05\/mszs-logo-v3-hell.jpg\" alt=\"\" class=\"wp-image-1250\" style=\"aspect-ratio:5.264314092077588;width:500px;height:auto\" srcset=\"https:\/\/pascal-lucke.de\/wp-content\/uploads\/2025\/05\/mszs-logo-v3-hell.jpg 1395w, https:\/\/pascal-lucke.de\/wp-content\/uploads\/2025\/05\/mszs-logo-v3-hell-300x57.jpg 300w, https:\/\/pascal-lucke.de\/wp-content\/uploads\/2025\/05\/mszs-logo-v3-hell-768x146.jpg 768w\" sizes=\"auto, (max-width: 1395px) 100vw, 1395px\" \/><\/a><\/figure>\n\n\n\n<figure class=\"wp-block-image aligncenter size-full is-resized\"><a href=\"https:\/\/sophiemende.de\" target=\"_blank\" rel=\"noreferrer noopener\"><img loading=\"lazy\" decoding=\"async\" width=\"2547\" height=\"920\" src=\"https:\/\/pascal-lucke.de\/wp-content\/uploads\/2024\/10\/Sophie-Mende-Logo.png\" alt=\"\" class=\"wp-image-1128\" style=\"width:313px;height:auto\" srcset=\"https:\/\/pascal-lucke.de\/wp-content\/uploads\/2024\/10\/Sophie-Mende-Logo.png 2547w, https:\/\/pascal-lucke.de\/wp-content\/uploads\/2024\/10\/Sophie-Mende-Logo-300x108.png 300w, https:\/\/pascal-lucke.de\/wp-content\/uploads\/2024\/10\/Sophie-Mende-Logo-768x277.png 768w, https:\/\/pascal-lucke.de\/wp-content\/uploads\/2024\/10\/Sophie-Mende-Logo-1536x555.png 1536w, https:\/\/pascal-lucke.de\/wp-content\/uploads\/2024\/10\/Sophie-Mende-Logo-2048x740.png 2048w\" sizes=\"auto, (max-width: 2547px) 100vw, 2547px\" \/><\/a><\/figure>\n\n\n\n<figure class=\"wp-block-image aligncenter size-full is-resized advgb-dyn-1018f970\"><a href=\"https:\/\/vj-sven.de\" target=\"_blank\" rel=\" noreferrer noopener\"><img loading=\"lazy\" decoding=\"async\" width=\"1600\" height=\"900\" src=\"https:\/\/pascal-lucke.de\/wp-content\/uploads\/2026\/03\/VJ-Sven-Logo.png\" alt=\"\" class=\"wp-image-1414\" style=\"aspect-ratio:4.460299650188106;width:348px;height:auto\" srcset=\"https:\/\/pascal-lucke.de\/wp-content\/uploads\/2026\/03\/VJ-Sven-Logo.png 1600w, https:\/\/pascal-lucke.de\/wp-content\/uploads\/2026\/03\/VJ-Sven-Logo-300x169.png 300w, https:\/\/pascal-lucke.de\/wp-content\/uploads\/2026\/03\/VJ-Sven-Logo-768x432.png 768w, https:\/\/pascal-lucke.de\/wp-content\/uploads\/2026\/03\/VJ-Sven-Logo-1536x864.png 1536w\" sizes=\"auto, (max-width: 1600px) 100vw, 1600px\" \/><\/a><\/figure>\n\n\n\n<figure class=\"wp-block-image aligncenter size-medium\"><a href=\"http:\/\/www.go-lucke.de\" target=\"_blank\" rel=\"noopener noreferrer\"><img loading=\"lazy\" decoding=\"async\" width=\"300\" height=\"89\" src=\"https:\/\/pascal-lucke.de\/wp-content\/uploads\/2020\/07\/Bildschirmfoto-2019-11-03-um-14.35.37-300x89.png\" alt=\"\" class=\"wp-image-297\" srcset=\"https:\/\/pascal-lucke.de\/wp-content\/uploads\/2020\/07\/Bildschirmfoto-2019-11-03-um-14.35.37-300x89.png 300w, https:\/\/pascal-lucke.de\/wp-content\/uploads\/2020\/07\/Bildschirmfoto-2019-11-03-um-14.35.37-1024x305.png 1024w, https:\/\/pascal-lucke.de\/wp-content\/uploads\/2020\/07\/Bildschirmfoto-2019-11-03-um-14.35.37-768x229.png 768w, https:\/\/pascal-lucke.de\/wp-content\/uploads\/2020\/07\/Bildschirmfoto-2019-11-03-um-14.35.37-1536x458.png 1536w, https:\/\/pascal-lucke.de\/wp-content\/uploads\/2020\/07\/Bildschirmfoto-2019-11-03-um-14.35.37-2048x611.png 2048w\" sizes=\"auto, (max-width: 300px) 100vw, 300px\" \/><\/a><\/figure>\n\n\n\n<figure class=\"wp-block-image aligncenter size-full is-resized is-style-default wp-container-content-f67f277b\" style=\"margin-top:0;margin-bottom:0\"><a href=\"https:\/\/initiative-musikkultur-eifel.de\/projekte\/\" target=\"_blank\" rel=\" noreferrer noopener\"><img loading=\"lazy\" decoding=\"async\" width=\"2560\" height=\"1524\" src=\"https:\/\/pascal-lucke.de\/wp-content\/uploads\/2025\/05\/lumora_logo_final-scaled.jpg\" alt=\"\" class=\"wp-image-1214\" style=\"aspect-ratio:1.6797912005965698;width:395px;height:auto\" srcset=\"https:\/\/pascal-lucke.de\/wp-content\/uploads\/2025\/05\/lumora_logo_final-scaled.jpg 2560w, https:\/\/pascal-lucke.de\/wp-content\/uploads\/2025\/05\/lumora_logo_final-300x179.jpg 300w, https:\/\/pascal-lucke.de\/wp-content\/uploads\/2025\/05\/lumora_logo_final-768x457.jpg 768w, https:\/\/pascal-lucke.de\/wp-content\/uploads\/2025\/05\/lumora_logo_final-1536x914.jpg 1536w, https:\/\/pascal-lucke.de\/wp-content\/uploads\/2025\/05\/lumora_logo_final-2048x1219.jpg 2048w\" sizes=\"auto, (max-width: 2560px) 100vw, 2560px\" \/><\/a><\/figure>\n\n\n\n<figure class=\"wp-block-image aligncenter size-thumbnail\"><img loading=\"lazy\" decoding=\"async\" width=\"150\" height=\"150\" src=\"https:\/\/pascal-lucke.de\/wp-content\/uploads\/2024\/03\/LOGO_AHR_VOICES_2024-150x150.jpg\" alt=\"\" class=\"wp-image-1044\" srcset=\"https:\/\/pascal-lucke.de\/wp-content\/uploads\/2024\/03\/LOGO_AHR_VOICES_2024-150x150.jpg 150w, https:\/\/pascal-lucke.de\/wp-content\/uploads\/2024\/03\/LOGO_AHR_VOICES_2024-600x600.jpg 600w\" sizes=\"auto, (max-width: 150px) 100vw, 150px\" \/><\/figure>\n\n\n\n<figure class=\"wp-block-image aligncenter size-large is-resized\"><a href=\"http:\/\/kloster-steinfeld.de\/\" target=\"_blank\" rel=\"noopener noreferrer\"><img loading=\"lazy\" decoding=\"async\" width=\"110\" height=\"117\" src=\"https:\/\/pascal-lucke.de\/wp-content\/uploads\/2020\/07\/logo.png\" alt=\"\" class=\"wp-image-300\" style=\"width:83px;height:88px\"\/><\/a><\/figure>\n\n\n\n<figure class=\"wp-block-image aligncenter size-medium\"><img loading=\"lazy\" decoding=\"async\" width=\"300\" height=\"75\" src=\"https:\/\/pascal-lucke.de\/wp-content\/uploads\/2020\/10\/cropped-Logo-300x75.png\" alt=\"\" class=\"wp-image-408\" srcset=\"https:\/\/pascal-lucke.de\/wp-content\/uploads\/2020\/10\/cropped-Logo-300x75.png 300w, https:\/\/pascal-lucke.de\/wp-content\/uploads\/2020\/10\/cropped-Logo-768x192.png 768w, https:\/\/pascal-lucke.de\/wp-content\/uploads\/2020\/10\/cropped-Logo.png 804w\" sizes=\"auto, (max-width: 300px) 100vw, 300px\" \/><\/figure>\n\n\n\n<figure class=\"wp-block-image aligncenter size-full is-resized\"><a href=\"https:\/\/initiative-musikkultur-eifel.de\" target=\"_blank\" rel=\" noreferrer noopener\"><img loading=\"lazy\" decoding=\"async\" width=\"2500\" height=\"2203\" src=\"https:\/\/pascal-lucke.de\/wp-content\/uploads\/2025\/05\/IME_Logo_ohne-ev.png\" alt=\"\" class=\"wp-image-1247\" style=\"aspect-ratio:1.1348301398848009;width:281px;height:auto\" srcset=\"https:\/\/pascal-lucke.de\/wp-content\/uploads\/2025\/05\/IME_Logo_ohne-ev.png 2500w, https:\/\/pascal-lucke.de\/wp-content\/uploads\/2025\/05\/IME_Logo_ohne-ev-300x264.png 300w, https:\/\/pascal-lucke.de\/wp-content\/uploads\/2025\/05\/IME_Logo_ohne-ev-768x677.png 768w, https:\/\/pascal-lucke.de\/wp-content\/uploads\/2025\/05\/IME_Logo_ohne-ev-1536x1354.png 1536w, https:\/\/pascal-lucke.de\/wp-content\/uploads\/2025\/05\/IME_Logo_ohne-ev-2048x1805.png 2048w\" sizes=\"auto, (max-width: 2500px) 100vw, 2500px\" \/><\/a><\/figure>\n\n\n\n<figure class=\"wp-block-image aligncenter size-medium\"><a href=\"https:\/\/pascal-lucke.de\/?page_id=1068\" target=\"_blank\" rel=\"noreferrer noopener\"><img loading=\"lazy\" decoding=\"async\" width=\"300\" height=\"300\" src=\"https:\/\/pascal-lucke.de\/wp-content\/uploads\/2024\/05\/Logo-Lucke-Events-300x300.png\" alt=\"\" class=\"wp-image-1069\" srcset=\"https:\/\/pascal-lucke.de\/wp-content\/uploads\/2024\/05\/Logo-Lucke-Events-300x300.png 300w, https:\/\/pascal-lucke.de\/wp-content\/uploads\/2024\/05\/Logo-Lucke-Events-150x150.png 150w, https:\/\/pascal-lucke.de\/wp-content\/uploads\/2024\/05\/Logo-Lucke-Events-768x768.png 768w, https:\/\/pascal-lucke.de\/wp-content\/uploads\/2024\/05\/Logo-Lucke-Events-600x600.png 600w, https:\/\/pascal-lucke.de\/wp-content\/uploads\/2024\/05\/Logo-Lucke-Events.png 1200w\" sizes=\"auto, (max-width: 300px) 100vw, 300px\" \/><\/a><\/figure>\n\n\n\n<figure class=\"wp-block-image aligncenter size-thumbnail\"><a href=\"https:\/\/www.stiftung-kloster-steinfeld.de\" target=\"_blank\" rel=\"noreferrer noopener\"><img loading=\"lazy\" decoding=\"async\" width=\"150\" height=\"150\" src=\"https:\/\/pascal-lucke.de\/wp-content\/uploads\/2023\/08\/Logo-Stiftung-Kloster-Steinfeld-150x150.jpeg\" alt=\"\" class=\"wp-image-911\" srcset=\"https:\/\/pascal-lucke.de\/wp-content\/uploads\/2023\/08\/Logo-Stiftung-Kloster-Steinfeld-150x150.jpeg 150w, https:\/\/pascal-lucke.de\/wp-content\/uploads\/2023\/08\/Logo-Stiftung-Kloster-Steinfeld-300x300.jpeg 300w, https:\/\/pascal-lucke.de\/wp-content\/uploads\/2023\/08\/Logo-Stiftung-Kloster-Steinfeld-768x768.jpeg 768w, https:\/\/pascal-lucke.de\/wp-content\/uploads\/2023\/08\/Logo-Stiftung-Kloster-Steinfeld-600x600.jpeg 600w, https:\/\/pascal-lucke.de\/wp-content\/uploads\/2023\/08\/Logo-Stiftung-Kloster-Steinfeld.jpeg 1181w\" sizes=\"auto, (max-width: 150px) 100vw, 150px\" \/><\/a><\/figure>\n\n\n\n<figure class=\"wp-block-image aligncenter size-thumbnail is-resized\"><a href=\"https:\/\/gdg-blankenheim-dahlem.de\/index.html\" target=\"_blank\" rel=\"noopener\"><img loading=\"lazy\" decoding=\"async\" width=\"150\" height=\"150\" src=\"https:\/\/pascal-lucke.de\/wp-content\/uploads\/2021\/12\/Logo-1.png_1794405530-1-150x150.png\" alt=\"\" class=\"wp-image-715\" style=\"width:113px;height:113px\"\/><\/a><\/figure>\n\n\n\n<figure class=\"wp-block-image aligncenter size-large is-resized\"><a href=\"https:\/\/www.michael-st\u00f6hr.de\" target=\"_blank\" rel=\"noopener\"><img loading=\"lazy\" decoding=\"async\" width=\"512\" height=\"512\" src=\"https:\/\/pascal-lucke.de\/wp-content\/uploads\/2021\/03\/cropped-Logo-Stoehr-1.jpg\" alt=\"\" class=\"wp-image-562\" style=\"width:128px;height:128px\" srcset=\"https:\/\/pascal-lucke.de\/wp-content\/uploads\/2021\/03\/cropped-Logo-Stoehr-1.jpg 512w, https:\/\/pascal-lucke.de\/wp-content\/uploads\/2021\/03\/cropped-Logo-Stoehr-1-300x300.jpg 300w, https:\/\/pascal-lucke.de\/wp-content\/uploads\/2021\/03\/cropped-Logo-Stoehr-1-150x150.jpg 150w\" sizes=\"auto, (max-width: 512px) 100vw, 512px\" \/><\/a><\/figure>\n\n\n\n<figure class=\"wp-block-image aligncenter size-thumbnail is-resized\"><a href=\"https:\/\/www.ev-kirchengemeinde-roggendorf.de\/startseite\/\" target=\"_blank\" rel=\"noopener noreferrer\"><img loading=\"lazy\" decoding=\"async\" width=\"150\" height=\"150\" src=\"https:\/\/pascal-lucke.de\/wp-content\/uploads\/2020\/07\/Unknown-150x150.png\" alt=\"\" class=\"wp-image-298\" style=\"width:113px;height:113px\"\/><\/a><\/figure>\n\n\n\n<figure class=\"wp-block-image aligncenter size-large is-resized\"><a href=\"https:\/\/ev-christuskirche-zuelpich.de\" target=\"_blank\" rel=\"noopener\"><img loading=\"lazy\" decoding=\"async\" width=\"534\" height=\"300\" src=\"https:\/\/pascal-lucke.de\/wp-content\/uploads\/2021\/04\/Logo-als-jpg.jpg\" alt=\"\" class=\"wp-image-576\" style=\"width:267px;height:150px\" srcset=\"https:\/\/pascal-lucke.de\/wp-content\/uploads\/2021\/04\/Logo-als-jpg.jpg 534w, https:\/\/pascal-lucke.de\/wp-content\/uploads\/2021\/04\/Logo-als-jpg-300x169.jpg 300w\" sizes=\"auto, (max-width: 534px) 100vw, 534px\" \/><\/a><\/figure>\n\n\n\n<figure class=\"wp-block-image aligncenter size-full\"><a href=\"http:\/\/stiftung-hoeren.de\/\" target=\"_blank\" rel=\"noopener noreferrer\"><img loading=\"lazy\" decoding=\"async\" width=\"160\" height=\"86\" src=\"https:\/\/pascal-lucke.de\/wp-content\/uploads\/2020\/10\/cropped-Logo_0-6.png\" alt=\"\" class=\"wp-image-407\"\/><\/a><\/figure>\n\n\n\n<figure class=\"wp-block-image aligncenter size-medium\"><a href=\"https:\/\/lehrer-lucke.de\/\" target=\"_blank\" rel=\"noopener noreferrer\"><img loading=\"lazy\" decoding=\"async\" width=\"300\" height=\"148\" src=\"https:\/\/pascal-lucke.de\/wp-content\/uploads\/2020\/10\/lehrer-lucke-logo-300x148.jpg\" alt=\"\" class=\"wp-image-405\" srcset=\"https:\/\/pascal-lucke.de\/wp-content\/uploads\/2020\/10\/lehrer-lucke-logo-300x148.jpg 300w, https:\/\/pascal-lucke.de\/wp-content\/uploads\/2020\/10\/lehrer-lucke-logo-768x379.jpg 768w, https:\/\/pascal-lucke.de\/wp-content\/uploads\/2020\/10\/lehrer-lucke-logo.jpg 1223w\" sizes=\"auto, (max-width: 300px) 100vw, 300px\" \/><\/a><\/figure>\n<\/div>\n\n\n\n<p class=\"wp-block-paragraph\"><\/p>\n","protected":false},"excerpt":{"rendered":"","protected":false},"author":2,"featured_media":0,"parent":0,"menu_order":0,"comment_status":"closed","ping_status":"closed","template":"","meta":{"_crdt_document":"","_uag_custom_page_level_css":"","advgb_blocks_editor_width":"","advgb_blocks_columns_visual_guide":"","site-sidebar-layout":"default","site-content-layout":"default","ast-site-content-layout":"default","site-content-style":"default","site-sidebar-style":"default","ast-global-header-display":"","ast-banner-title-visibility":"","ast-main-header-display":"","ast-hfb-above-header-display":"","ast-hfb-below-header-display":"","ast-hfb-mobile-header-display":"","site-post-title":"","ast-breadcrumbs-content":"","ast-featured-img":"","footer-sml-layout":"","ast-disable-related-posts":"","theme-transparent-header-meta":"default","adv-header-id-meta":"","stick-header-meta":"","header-above-stick-meta":"","header-main-stick-meta":"","header-below-stick-meta":"","astra-migrate-meta-layouts":"set","ast-page-background-enabled":"default","ast-page-background-meta":{"desktop":{"background-color":"","background-image":"","background-repeat":"repeat","background-position":"center center","background-size":"auto","background-attachment":"scroll","background-type":"","background-media":"","overlay-type":"","overlay-color":"","overlay-opacity":"","overlay-gradient":""},"tablet":{"background-color":"","background-image":"","background-repeat":"repeat","background-position":"center center","background-size":"auto","background-attachment":"scroll","background-type":"","background-media":"","overlay-type":"","overlay-color":"","overlay-opacity":"","overlay-gradient":""},"mobile":{"background-color":"","background-image":"","background-repeat":"repeat","background-position":"center center","background-size":"auto","background-attachment":"scroll","background-type":"","background-media":"","overlay-type":"","overlay-color":"","overlay-opacity":"","overlay-gradient":""}},"ast-content-background-meta":{"desktop":{"background-color":"var(--ast-global-color-5)","background-image":"","background-repeat":"repeat","background-position":"center center","background-size":"auto","background-attachment":"scroll","background-type":"","background-media":"","overlay-type":"","overlay-color":"","overlay-opacity":"","overlay-gradient":""},"tablet":{"background-color":"var(--ast-global-color-5)","background-image":"","background-repeat":"repeat","background-position":"center center","background-size":"auto","background-attachment":"scroll","background-type":"","background-media":"","overlay-type":"","overlay-color":"","overlay-opacity":"","overlay-gradient":""},"mobile":{"background-color":"var(--ast-global-color-5)","background-image":"","background-repeat":"repeat","background-position":"center center","background-size":"auto","background-attachment":"scroll","background-type":"","background-media":"","overlay-type":"","overlay-color":"","overlay-opacity":"","overlay-gradient":""}},"ngg_post_thumbnail":0,"footnotes":""},"class_list":["post-404","page","type-page","status-publish","hentry"],"featured_image_src":null,"featured_image_src_square":null,"uagb_featured_image_src":{"full":false,"thumbnail":false,"medium":false,"medium_large":false,"large":false,"1536x1536":false,"2048x2048":false,"ab-block-post-grid-landscape":false,"ab-block-post-grid-square":false},"uagb_author_info":{"display_name":"PL","author_link":"https:\/\/pascal-lucke.de\/?author=2"},"uagb_comment_info":0,"uagb_excerpt":null,"coauthors":[],"author_meta":{"author_link":"https:\/\/pascal-lucke.de\/?author=2","display_name":"PL"},"relative_dates":{"created":"Ver\u00f6ffentlicht 6\u00a0Jahren vor","modified":"Aktualisiert 2\u00a0Monaten vor"},"absolute_dates":{"created":"Ver\u00f6ffentlicht am Oktober 6, 2020","modified":"Aktualisiert am M\u00e4rz 5, 2026"},"absolute_dates_time":{"created":"Ver\u00f6ffentlicht am Oktober 6, 2020 12:12 p.m.","modified":"Aktualisiert am M\u00e4rz 5, 2026 10:43 a.m."},"featured_img_caption":"","featured_img":false,"series_order":"","_links":{"self":[{"href":"https:\/\/pascal-lucke.de\/index.php?rest_route=\/wp\/v2\/pages\/404","targetHints":{"allow":["GET"]}}],"collection":[{"href":"https:\/\/pascal-lucke.de\/index.php?rest_route=\/wp\/v2\/pages"}],"about":[{"href":"https:\/\/pascal-lucke.de\/index.php?rest_route=\/wp\/v2\/types\/page"}],"author":[{"embeddable":true,"href":"https:\/\/pascal-lucke.de\/index.php?rest_route=\/wp\/v2\/users\/2"}],"replies":[{"embeddable":true,"href":"https:\/\/pascal-lucke.de\/index.php?rest_route=%2Fwp%2Fv2%2Fcomments&post=404"}],"version-history":[{"count":35,"href":"https:\/\/pascal-lucke.de\/index.php?rest_route=\/wp\/v2\/pages\/404\/revisions"}],"predecessor-version":[{"id":1418,"href":"https:\/\/pascal-lucke.de\/index.php?rest_route=\/wp\/v2\/pages\/404\/revisions\/1418"}],"wp:attachment":[{"href":"https:\/\/pascal-lucke.de\/index.php?rest_route=%2Fwp%2Fv2%2Fmedia&parent=404"}],"curies":[{"name":"wp","href":"https:\/\/api.w.org\/{rel}","templated":true}]}}