{"id":37,"date":"2019-12-11T08:56:25","date_gmt":"2019-12-11T07:56:25","guid":{"rendered":"http:\/\/pascal-lucke.de\/?page_id=37"},"modified":"2025-06-13T11:36:22","modified_gmt":"2025-06-13T09:36:22","slug":"vita","status":"publish","type":"page","link":"https:\/\/pascal-lucke.de\/?page_id=37","title":{"rendered":"Vita"},"content":{"rendered":"\n<p class=\"wp-block-paragraph\">Meine aktuelle Vita gibt es <a href=\"https:\/\/pascal-lucke.de\/wp-content\/uploads\/2025\/05\/Pascal-Lucke-Vita-052025.pdf\" target=\"_blank\" rel=\"noreferrer noopener\">hier<\/a> zum Download.<\/p>\n\n\n\n<h2 class=\"wp-block-heading\" id=\"lebenslauf\">Lebenslauf<\/h2>\n\n\n\n<p class=\"wp-block-paragraph\">05.2025 &#8211; Standesamtliche Eheschlie\u00dfung<\/p>\n\n\n\n<p class=\"wp-block-paragraph\">05.2025 &#8211; Abschluss des Master-Musik-Lehramtsstudiums an der Universit\u00e4t zu K\u00f6ln<\/p>\n\n\n\n<p class=\"wp-block-paragraph\">Seit 04.2025 &#8211; Lehrkraft f\u00fcr Klavier\/Keyboard beim Musikschulzweckverband Schleiden<\/p>\n\n\n\n<p class=\"wp-block-paragraph\">10.2024 &#8211; Abschluss des Master-Physik-Lehramtsstudiums an der Universit\u00e4t zu K\u00f6ln<\/p>\n\n\n\n<p class=\"wp-block-paragraph\">Seit 04.2023 &#8211; Chorleiter des Popchores &#8222;AHR VOICES&#8220; in Blankenheimer Dorf<\/p>\n\n\n\n<p class=\"wp-block-paragraph\">09.2022 &#8211; Abschluss des Studiums B. A. LA. Musik, Physik<\/p>\n\n\n\n<p class=\"wp-block-paragraph\">Seit 07.2022 &#8211; Projektleiter f\u00fcr Musik der Stiftung Kloster Steinfeld<\/p>\n\n\n\n<p class=\"wp-block-paragraph\">Seit 05.2021 &#8211; Organist der Ev. Christus-Kirchengemeinde Z\u00fclpich<\/p>\n\n\n\n<figure class=\"wp-block-image alignright size-full is-style-rounded\"><img loading=\"lazy\" decoding=\"async\" width=\"300\" height=\"300\" src=\"https:\/\/pascal-lucke.de\/wp-content\/uploads\/2019\/12\/pascal-bild-neu-300x300.jpg\" alt=\"\" class=\"wp-image-17\" srcset=\"https:\/\/pascal-lucke.de\/wp-content\/uploads\/2019\/12\/pascal-bild-neu-300x300.jpg 300w, https:\/\/pascal-lucke.de\/wp-content\/uploads\/2019\/12\/pascal-bild-neu-150x150.jpg 150w, https:\/\/pascal-lucke.de\/wp-content\/uploads\/2019\/12\/pascal-bild-neu.jpg 500w\" sizes=\"auto, (max-width: 300px) 100vw, 300px\" \/><\/figure>\n\n\n\n<p class=\"wp-block-paragraph\">04.2021 &#8211; Bestehen der Chorleitungs-Abschlusspr\u00fcfung der Universit\u00e4t zu K\u00f6ln<\/p>\n\n\n\n<p class=\"wp-block-paragraph\">03.2021 &#8211; Bestehen der Abschlusspr\u00fcfung im Fach Violine an der Universit\u00e4t zu K\u00f6ln<\/p>\n\n\n\n<p class=\"wp-block-paragraph\">Seit 12.2020 &#8211; Lehrer f\u00fcr Musik, Physik und Mathematik an der Gesamtschule Euskirchen<\/p>\n\n\n\n<p class=\"wp-block-paragraph\">Seit 2020 &#8211; IT- und Marketingbeauftragter der GO Lucke + Kollegen GmbH<\/p>\n\n\n\n<p class=\"wp-block-paragraph\">07.2020 &#8211; Bestehen der Abschlusspr\u00fcfung im Fach Klavier  an der Universit\u00e4t zu K\u00f6ln<\/p>\n\n\n\n<p class=\"wp-block-paragraph\">Seit 2020 &#8211; Chorleiter des Dietrich-Bonhoeffer-Chores der evangelischen Kirchengemeinde Roggendorf<\/p>\n\n\n\n<p class=\"wp-block-paragraph\">2020 &#8211; Bestehen der Chorleitungspr\u00fcfung des Studienganges B. A. LA HRG Musik<\/p>\n\n\n\n<p class=\"wp-block-paragraph\">12.2019 bis 03.2020 &#8211; Violinist auf der Deutschlandtournee des Musicals &#8222;Das Phantom der Oper von N.C. Weber&#8220;<\/p>\n\n\n\n<p class=\"wp-block-paragraph\">Seit 2019 &#8211; S\u00e4nger in der Schola Cantorum Coloniensis<\/p>\n\n\n\n<p class=\"wp-block-paragraph\">Seit 2019 &#8211; Organist in Vertretung beim Kirchengemeindeverband Blankenheim\/Dahlem und bei der Evangelischen Kirchengemeinde Roggendorf&nbsp; &nbsp; &nbsp; &nbsp;&nbsp;<\/p>\n\n\n\n<p class=\"wp-block-paragraph\">10.2018 bis 09.2020 &#8211; Studentische Hilfskraft bei der WDR 3 Programmleitung&nbsp;&nbsp;<\/p>\n\n\n\n<p class=\"wp-block-paragraph\">2018 bis 2022 &#8211; Studierender an der Universit\u00e4t zu K\u00f6ln mit dem Studiengang B. A. LA HRG Musik, Physik&nbsp;<\/p>\n\n\n\n<p class=\"wp-block-paragraph\">2018 &#8211; Bestehen der Eignungspr\u00fcfung f\u00fcr Musik an der Universit\u00e4t zu K\u00f6ln<\/p>\n\n\n\n<p class=\"wp-block-paragraph\">2018 &#8211; Abitur<\/p>\n\n\n\n<p class=\"wp-block-paragraph\">2010 bis 2018 &#8211; Gymnasium Hermann-Josef-Kolleg Steinfeld<\/p>\n\n\n\n<p class=\"wp-block-paragraph\">2007 bis 2010 &#8211; Grundschulzeit<\/p>\n\n\n\n<p class=\"wp-block-paragraph\">2005 &#8211; Beginn des Klavierspielens<\/p>\n\n\n\n<p class=\"wp-block-paragraph\">2004 &#8211; Beginn des Violinespielens<\/p>\n\n\n\n<p class=\"wp-block-paragraph\">2000 &#8211; Geburt<\/p>\n\n\n\n<h2 class=\"wp-block-heading\">Sonstige Qualifikationen<\/h2>\n\n\n\n<p class=\"wp-block-paragraph\">2023 &#8211; Weiterbildung in Chorphonetik &#8211; &#8222;Klanggestaltung neu definiert&#8220; bei Wolfgang Saus<\/p>\n\n\n\n<p class=\"wp-block-paragraph\">2021 &#8211; Weiterbildung in &#8222;Aktueller Sprechtechnik in Business &amp; Alltag&#8220; bei Frau Dr. Anna Martini<\/p>\n\n\n\n<h2 class=\"wp-block-heading\" id=\"auszeichnungen\">Auszeichnungen<\/h2>\n\n\n\n<p class=\"wp-block-paragraph\">2018 &#8211; Pater-Franziskus-Jordan-Preis f\u00fcr ausgezeichnetes soziales Engagement w\u00e4hrend meiner Schulzeit am Hermann-Josef-Kolleg in Steinfeld<\/p>\n","protected":false},"excerpt":{"rendered":"<p>Meine aktuelle Vita gibt es hier zum Download. Lebenslauf 05.2025 &#8211; Standesamtliche Eheschlie\u00dfung 05.2025 &#8211; Abschluss des Master-Musik-Lehramtsstudiums an der Universit\u00e4t zu K\u00f6ln Seit 04.2025 &#8211; Lehrkraft f\u00fcr Klavier\/Keyboard beim Musikschulzweckverband Schleiden 10.2024 &#8211; Abschluss des Master-Physik-Lehramtsstudiums an der Universit\u00e4t zu K\u00f6ln Seit 04.2023 &#8211; Chorleiter des Popchores &#8222;AHR VOICES&#8220; in Blankenheimer Dorf 09.2022 &#8211; [&hellip;]<\/p>\n","protected":false},"author":2,"featured_media":0,"parent":0,"menu_order":0,"comment_status":"closed","ping_status":"closed","template":"","meta":{"_crdt_document":"","_uag_custom_page_level_css":"","advgb_blocks_editor_width":"","advgb_blocks_columns_visual_guide":"","site-sidebar-layout":"default","site-content-layout":"default","ast-site-content-layout":"default","site-content-style":"default","site-sidebar-style":"default","ast-global-header-display":"","ast-banner-title-visibility":"","ast-main-header-display":"","ast-hfb-above-header-display":"","ast-hfb-below-header-display":"","ast-hfb-mobile-header-display":"","site-post-title":"","ast-breadcrumbs-content":"","ast-featured-img":"","footer-sml-layout":"","ast-disable-related-posts":"","theme-transparent-header-meta":"default","adv-header-id-meta":"","stick-header-meta":"","header-above-stick-meta":"","header-main-stick-meta":"","header-below-stick-meta":"","astra-migrate-meta-layouts":"set","ast-page-background-enabled":"default","ast-page-background-meta":{"desktop":{"background-color":"","background-image":"","background-repeat":"repeat","background-position":"center center","background-size":"auto","background-attachment":"scroll","background-type":"","background-media":"","overlay-type":"","overlay-color":"","overlay-opacity":"","overlay-gradient":""},"tablet":{"background-color":"","background-image":"","background-repeat":"repeat","background-position":"center center","background-size":"auto","background-attachment":"scroll","background-type":"","background-media":"","overlay-type":"","overlay-color":"","overlay-opacity":"","overlay-gradient":""},"mobile":{"background-color":"","background-image":"","background-repeat":"repeat","background-position":"center center","background-size":"auto","background-attachment":"scroll","background-type":"","background-media":"","overlay-type":"","overlay-color":"","overlay-opacity":"","overlay-gradient":""}},"ast-content-background-meta":{"desktop":{"background-color":"var(--ast-global-color-5)","background-image":"","background-repeat":"repeat","background-position":"center center","background-size":"auto","background-attachment":"scroll","background-type":"","background-media":"","overlay-type":"","overlay-color":"","overlay-opacity":"","overlay-gradient":""},"tablet":{"background-color":"var(--ast-global-color-5)","background-image":"","background-repeat":"repeat","background-position":"center center","background-size":"auto","background-attachment":"scroll","background-type":"","background-media":"","overlay-type":"","overlay-color":"","overlay-opacity":"","overlay-gradient":""},"mobile":{"background-color":"var(--ast-global-color-5)","background-image":"","background-repeat":"repeat","background-position":"center center","background-size":"auto","background-attachment":"scroll","background-type":"","background-media":"","overlay-type":"","overlay-color":"","overlay-opacity":"","overlay-gradient":""}},"ngg_post_thumbnail":0,"footnotes":""},"class_list":["post-37","page","type-page","status-publish","hentry"],"featured_image_src":null,"featured_image_src_square":null,"uagb_featured_image_src":{"full":false,"thumbnail":false,"medium":false,"medium_large":false,"large":false,"1536x1536":false,"2048x2048":false,"ab-block-post-grid-landscape":false,"ab-block-post-grid-square":false},"uagb_author_info":{"display_name":"PL","author_link":"https:\/\/pascal-lucke.de\/?author=2"},"uagb_comment_info":0,"uagb_excerpt":"Meine aktuelle Vita gibt es hier zum Download. Lebenslauf 05.2025 &#8211; Standesamtliche Eheschlie\u00dfung 05.2025 &#8211; Abschluss des Master-Musik-Lehramtsstudiums an der Universit\u00e4t zu K\u00f6ln Seit 04.2025 &#8211; Lehrkraft f\u00fcr Klavier\/Keyboard beim Musikschulzweckverband Schleiden 10.2024 &#8211; Abschluss des Master-Physik-Lehramtsstudiums an der Universit\u00e4t zu K\u00f6ln Seit 04.2023 &#8211; Chorleiter des Popchores &#8222;AHR VOICES&#8220; in Blankenheimer Dorf 09.2022 &#8211;&hellip;","coauthors":[],"author_meta":{"author_link":"https:\/\/pascal-lucke.de\/?author=2","display_name":"PL"},"relative_dates":{"created":"Ver\u00f6ffentlicht 6\u00a0Jahren vor","modified":"Aktualisiert 10\u00a0Monaten vor"},"absolute_dates":{"created":"Ver\u00f6ffentlicht am Dezember 11, 2019","modified":"Aktualisiert am Juni 13, 2025"},"absolute_dates_time":{"created":"Ver\u00f6ffentlicht am Dezember 11, 2019 8:56 a.m.","modified":"Aktualisiert am Juni 13, 2025 11:36 a.m."},"featured_img_caption":"","featured_img":false,"series_order":"","_links":{"self":[{"href":"https:\/\/pascal-lucke.de\/index.php?rest_route=\/wp\/v2\/pages\/37","targetHints":{"allow":["GET"]}}],"collection":[{"href":"https:\/\/pascal-lucke.de\/index.php?rest_route=\/wp\/v2\/pages"}],"about":[{"href":"https:\/\/pascal-lucke.de\/index.php?rest_route=\/wp\/v2\/types\/page"}],"author":[{"embeddable":true,"href":"https:\/\/pascal-lucke.de\/index.php?rest_route=\/wp\/v2\/users\/2"}],"replies":[{"embeddable":true,"href":"https:\/\/pascal-lucke.de\/index.php?rest_route=%2Fwp%2Fv2%2Fcomments&post=37"}],"version-history":[{"count":58,"href":"https:\/\/pascal-lucke.de\/index.php?rest_route=\/wp\/v2\/pages\/37\/revisions"}],"predecessor-version":[{"id":1255,"href":"https:\/\/pascal-lucke.de\/index.php?rest_route=\/wp\/v2\/pages\/37\/revisions\/1255"}],"wp:attachment":[{"href":"https:\/\/pascal-lucke.de\/index.php?rest_route=%2Fwp%2Fv2%2Fmedia&parent=37"}],"curies":[{"name":"wp","href":"https:\/\/api.w.org\/{rel}","templated":true}]}}