{"id":1424,"date":"2026-04-05T18:18:11","date_gmt":"2026-04-05T16:18:11","guid":{"rendered":"https:\/\/pascal-lucke.de\/?page_id=1424"},"modified":"2026-04-05T18:28:14","modified_gmt":"2026-04-05T16:28:14","slug":"o-holy-night-2026","status":"publish","type":"page","link":"https:\/\/pascal-lucke.de\/?page_id=1424","title":{"rendered":"O Holy Night 2026"},"content":{"rendered":"\n<h5 class=\"wp-block-heading\">Wiederholung des Erfolgskonzert 2025!<br>Die sch\u00f6nsten Weihnachtsmelodien aus Jazz, Musical, Pop und Film<\/h5>\n\n\n\n<p class=\"wp-block-paragraph\"><strong>Datum:<\/strong>&nbsp;11. Dezember 2026<br><strong>Uhrzeit:<\/strong>&nbsp;18:00 Uhr, Einlass ab 17:30 Uhr<br><strong>Ort:<\/strong>&nbsp;Ehemalige Sch\u00fclerkapelle (Hermann-Josef-Str. 4, 53925 Kall-Steinfeld)<br><strong>Ausf\u00fchrende:<\/strong>&nbsp;Sophie Mende (Gesang), Pascal Lucke (Klavier)<br><strong>Eintritt:<\/strong>&nbsp;15.-\u20ac Erwachsene, 10.-\u20ac erm\u00e4\u00dfigt (Sch\u00fcler\/Studenten)<\/p>\n\n\n\n<p class=\"wp-block-paragraph\">Nach dem gro\u00dfen Erfolg und einer mehr als ausverkauften Sch\u00fclerkapelle im vergangenen Jahr kehrt das Weihnachtskonzert \u201eO Holy Night\u201c zur\u00fcck: Am&nbsp;<strong>Freitag, 11. Dezember<\/strong>&nbsp;l\u00e4dt die Stiftung Kloster Steinfeld im Rahmen der Konzertreihe&nbsp;KlangRaum&nbsp;zu einem festlichen Abend in die ehemalige Klosterbibliothek ein.<\/p>\n\n\n\n<figure class=\"wp-block-image aligncenter size-full is-resized\"><a href=\"https:\/\/www.stiftung-kloster-steinfeld.de\" target=\"_blank\" rel=\" noreferrer noopener\"><img loading=\"lazy\" decoding=\"async\" width=\"2560\" height=\"1067\" src=\"https:\/\/pascal-lucke.de\/wp-content\/uploads\/2026\/04\/Wortmarke-2026-scaled.png\" alt=\"\" class=\"wp-image-1427\" style=\"width:345px;height:auto\" srcset=\"https:\/\/pascal-lucke.de\/wp-content\/uploads\/2026\/04\/Wortmarke-2026-scaled.png 2560w, https:\/\/pascal-lucke.de\/wp-content\/uploads\/2026\/04\/Wortmarke-2026-300x125.png 300w, https:\/\/pascal-lucke.de\/wp-content\/uploads\/2026\/04\/Wortmarke-2026-768x320.png 768w, https:\/\/pascal-lucke.de\/wp-content\/uploads\/2026\/04\/Wortmarke-2026-1536x640.png 1536w, https:\/\/pascal-lucke.de\/wp-content\/uploads\/2026\/04\/Wortmarke-2026-2048x854.png 2048w\" sizes=\"auto, (max-width: 2560px) 100vw, 2560px\" \/><\/a><\/figure>\n\n\n\n<p class=\"wp-block-paragraph\">Unter dem Titel \u201e<strong>O Holy Night<\/strong>\u201c pr\u00e4sentieren<a href=\"https:\/\/sophiemende.de\" target=\"_blank\" rel=\"noreferrer noopener\">&nbsp;<strong>Sophie Mende<\/strong><\/a>&nbsp;(Gesang) und&nbsp;<strong>Pascal Lucke<\/strong>&nbsp;(Klavier) die sch\u00f6nsten Weihnachtsmelodien aus Jazz, Musical, Pop und Film. Das Programm, das bereits im vergangenen Jahr das Publikum begeisterte, wird aufgrund der gro\u00dfen Nachfrage erneut aufgef\u00fchrt. Dabei kommen die beliebtesten Titel aus dem Erfolgsprogramm wieder zu Geh\u00f6r, zugleich erweitern neue St\u00fccke, die 2025 nicht zu h\u00f6ren waren, das Repertoire und sorgen f\u00fcr zus\u00e4tzliche musikalische Facetten.<\/p>\n\n\n\n<figure class=\"wp-block-image aligncenter size-full is-resized\"><a href=\"https:\/\/sophiemende.de\" target=\"_blank\" rel=\" noreferrer noopener\"><img loading=\"lazy\" decoding=\"async\" width=\"2547\" height=\"920\" src=\"https:\/\/pascal-lucke.de\/wp-content\/uploads\/2024\/10\/Sophie-Mende-Logo.png\" alt=\"\" class=\"wp-image-1128\" style=\"aspect-ratio:2.768565248738284;width:246px;height:auto\" srcset=\"https:\/\/pascal-lucke.de\/wp-content\/uploads\/2024\/10\/Sophie-Mende-Logo.png 2547w, https:\/\/pascal-lucke.de\/wp-content\/uploads\/2024\/10\/Sophie-Mende-Logo-300x108.png 300w, https:\/\/pascal-lucke.de\/wp-content\/uploads\/2024\/10\/Sophie-Mende-Logo-768x277.png 768w, https:\/\/pascal-lucke.de\/wp-content\/uploads\/2024\/10\/Sophie-Mende-Logo-1536x555.png 1536w, https:\/\/pascal-lucke.de\/wp-content\/uploads\/2024\/10\/Sophie-Mende-Logo-2048x740.png 2048w\" sizes=\"auto, (max-width: 2547px) 100vw, 2547px\" \/><\/a><\/figure>\n\n\n\n<p class=\"wp-block-paragraph\">Mit gef\u00fchlvollem Gesang und virtuosem Klavierspiel spannen die beiden K\u00fcnstler einen musikalischen Bogen von besinnlicher Eleganz bis hin zu modernem Glanz. Klassiker wie \u201eHave Yourself A Merry Little Christmas\u201c, \u201eWhite Christmas\u201c oder \u201eO Holy Night\u201c erklingen in neuen, jazzig-lebendigen Arrangements, die gleicherma\u00dfen ber\u00fchren und beschwingen.<\/p>\n\n\n\n<p class=\"wp-block-paragraph\">Neben bekannten Weihnachtsliedern stehen auch gef\u00fchlvolle Balladen sowie festliche Highlights aus der Welt des Musicals auf dem Programm \u2013 Musik voller Emotion und Ausdruck, die vom Zauber der gro\u00dfen B\u00fchnen ebenso erz\u00e4hlt wie von der stillen Freude des Weihnachtsfestes. So entsteht ein abwechslungsreicher Abend zwischen moderner Klangsprache und zeitloser Besinnlichkeit.<\/p>\n\n\n\n<p class=\"wp-block-paragraph\">Sophie Mende begeistert mit einer Stimme, die sowohl zarte Emotionen als auch gro\u00dfe Klangf\u00fclle tr\u00e4gt. Pascal Lucke begleitet sie mit feinem Gesp\u00fcr f\u00fcr Stil und Atmosph\u00e4re. Gemeinsam schaffen sie ein Konzerterlebnis, das festliche Stimmung, musikalische Vielfalt und stilvolle Pr\u00e4sentation zu einem harmonischen Ganzen vereint \u2013 ein Weihnachtskonzert, das nach dem \u00fcberw\u00e4ltigenden Erfolg im Vorjahr nun in die zweite Runde geht.<\/p>\n\n\n\n<p class=\"wp-block-paragraph\">Das Konzert findet in der ehemaligen Klosterbibliothek im Kloster Steinfeld statt.\u00a0<br>Tickets k\u00f6nnen\u00a0<a href=\"https:\/\/www.eventim-light.com\/de\/a\/646ef4cb1d137b7f9def8b87\/e\/69d26629bca63b1486812118\" target=\"_blank\" rel=\"noreferrer noopener\">online<\/a>, telefonisch unter 02441 \u2013 889134 oder im Klostercaf\u00e9 erworben werden.<\/p>\n\n\n\n<figure class=\"wp-block-image aligncenter size-full is-resized\"><a href=\"https:\/\/www.stiftung-kloster-steinfeld.de\" target=\"_blank\" rel=\" noreferrer noopener\"><img loading=\"lazy\" decoding=\"async\" width=\"1181\" height=\"1181\" src=\"https:\/\/pascal-lucke.de\/wp-content\/uploads\/2023\/08\/Logo-Stiftung-Kloster-Steinfeld.jpeg\" alt=\"\" class=\"wp-image-911\" style=\"width:155px;height:auto\" srcset=\"https:\/\/pascal-lucke.de\/wp-content\/uploads\/2023\/08\/Logo-Stiftung-Kloster-Steinfeld.jpeg 1181w, https:\/\/pascal-lucke.de\/wp-content\/uploads\/2023\/08\/Logo-Stiftung-Kloster-Steinfeld-300x300.jpeg 300w, https:\/\/pascal-lucke.de\/wp-content\/uploads\/2023\/08\/Logo-Stiftung-Kloster-Steinfeld-150x150.jpeg 150w, https:\/\/pascal-lucke.de\/wp-content\/uploads\/2023\/08\/Logo-Stiftung-Kloster-Steinfeld-768x768.jpeg 768w, https:\/\/pascal-lucke.de\/wp-content\/uploads\/2023\/08\/Logo-Stiftung-Kloster-Steinfeld-600x600.jpeg 600w\" sizes=\"auto, (max-width: 1181px) 100vw, 1181px\" \/><\/a><\/figure>\n\n\n\n<p class=\"wp-block-paragraph\">M\u00f6chten Sie die Stiftung Kloster Steinfeld und die Kultur im Kloster Steinfeld unterst\u00fctzen? So finden Sie&nbsp;<a href=\"https:\/\/www.stiftung-kloster-steinfeld.de\/spenden-und-helfen\/\">hier<\/a> unsere Ziele.&nbsp;<\/p>\n\n\n\n<div class=\"wp-block-file\"><a id=\"wp-block-file--media-4a58bdd2-cc91-4d13-a6d5-b8eb0bd051de\" href=\"https:\/\/pascal-lucke.de\/wp-content\/uploads\/2026\/04\/PLK_Klangraum_1226.pdf\" target=\"_blank\" rel=\"noreferrer noopener\">Plakat O Holy Night 2026<\/a><\/div>\n\n\n\n<div class=\"wp-block-file\"><a id=\"wp-block-file--media-e2e18dcb-d0c5-43ee-b7a5-b4328a5d73a1\" href=\"https:\/\/pascal-lucke.de\/wp-content\/uploads\/2026\/04\/Pressetext-O-Holy-Night-11122026.pdf\" target=\"_blank\" rel=\"noreferrer noopener\">Pressetext O Holy Night 2026<\/a><\/div>\n","protected":false},"excerpt":{"rendered":"<p>Wiederholung des Erfolgskonzert 2025!Die sch\u00f6nsten Weihnachtsmelodien aus Jazz, Musical, Pop und Film Datum:&nbsp;11. Dezember 2026Uhrzeit:&nbsp;18:00 Uhr, Einlass ab 17:30 UhrOrt:&nbsp;Ehemalige Sch\u00fclerkapelle (Hermann-Josef-Str. 4, 53925 Kall-Steinfeld)Ausf\u00fchrende:&nbsp;Sophie Mende (Gesang), Pascal Lucke (Klavier)Eintritt:&nbsp;15.-\u20ac Erwachsene, 10.-\u20ac erm\u00e4\u00dfigt (Sch\u00fcler\/Studenten) Nach dem gro\u00dfen Erfolg und einer mehr als ausverkauften Sch\u00fclerkapelle im vergangenen Jahr kehrt das Weihnachtskonzert \u201eO Holy Night\u201c zur\u00fcck: Am&nbsp;Freitag, [&hellip;]<\/p>\n","protected":false},"author":2,"featured_media":1428,"parent":0,"menu_order":0,"comment_status":"closed","ping_status":"closed","template":"","meta":{"_crdt_document":"","_uag_custom_page_level_css":"","advgb_blocks_editor_width":"","advgb_blocks_columns_visual_guide":"","site-sidebar-layout":"default","site-content-layout":"","ast-site-content-layout":"default","site-content-style":"default","site-sidebar-style":"default","ast-global-header-display":"","ast-banner-title-visibility":"","ast-main-header-display":"","ast-hfb-above-header-display":"","ast-hfb-below-header-display":"","ast-hfb-mobile-header-display":"","site-post-title":"","ast-breadcrumbs-content":"","ast-featured-img":"","footer-sml-layout":"","ast-disable-related-posts":"","theme-transparent-header-meta":"","adv-header-id-meta":"","stick-header-meta":"","header-above-stick-meta":"","header-main-stick-meta":"","header-below-stick-meta":"","astra-migrate-meta-layouts":"set","ast-page-background-enabled":"default","ast-page-background-meta":{"desktop":{"background-color":"","background-image":"","background-repeat":"repeat","background-position":"center center","background-size":"auto","background-attachment":"scroll","background-type":"","background-media":"","overlay-type":"","overlay-color":"","overlay-opacity":"","overlay-gradient":""},"tablet":{"background-color":"","background-image":"","background-repeat":"repeat","background-position":"center center","background-size":"auto","background-attachment":"scroll","background-type":"","background-media":"","overlay-type":"","overlay-color":"","overlay-opacity":"","overlay-gradient":""},"mobile":{"background-color":"","background-image":"","background-repeat":"repeat","background-position":"center center","background-size":"auto","background-attachment":"scroll","background-type":"","background-media":"","overlay-type":"","overlay-color":"","overlay-opacity":"","overlay-gradient":""}},"ast-content-background-meta":{"desktop":{"background-color":"var(--ast-global-color-5)","background-image":"","background-repeat":"repeat","background-position":"center center","background-size":"auto","background-attachment":"scroll","background-type":"","background-media":"","overlay-type":"","overlay-color":"","overlay-opacity":"","overlay-gradient":""},"tablet":{"background-color":"var(--ast-global-color-5)","background-image":"","background-repeat":"repeat","background-position":"center center","background-size":"auto","background-attachment":"scroll","background-type":"","background-media":"","overlay-type":"","overlay-color":"","overlay-opacity":"","overlay-gradient":""},"mobile":{"background-color":"var(--ast-global-color-5)","background-image":"","background-repeat":"repeat","background-position":"center center","background-size":"auto","background-attachment":"scroll","background-type":"","background-media":"","overlay-type":"","overlay-color":"","overlay-opacity":"","overlay-gradient":""}},"ngg_post_thumbnail":0,"footnotes":""},"class_list":["post-1424","page","type-page","status-publish","has-post-thumbnail","hentry"],"featured_image_src":"https:\/\/pascal-lucke.de\/wp-content\/uploads\/2026\/04\/PLK_Klangraum_1226-600x400.jpg","featured_image_src_square":"https:\/\/pascal-lucke.de\/wp-content\/uploads\/2026\/04\/PLK_Klangraum_1226-600x600.jpg","uagb_featured_image_src":{"full":["https:\/\/pascal-lucke.de\/wp-content\/uploads\/2026\/04\/PLK_Klangraum_1226-scaled.jpg",1810,2560,false],"thumbnail":["https:\/\/pascal-lucke.de\/wp-content\/uploads\/2026\/04\/PLK_Klangraum_1226-150x150.jpg",150,150,true],"medium":["https:\/\/pascal-lucke.de\/wp-content\/uploads\/2026\/04\/PLK_Klangraum_1226-212x300.jpg",212,300,true],"medium_large":["https:\/\/pascal-lucke.de\/wp-content\/uploads\/2026\/04\/PLK_Klangraum_1226-768x1086.jpg",768,1086,true],"large":["https:\/\/pascal-lucke.de\/wp-content\/uploads\/2026\/04\/PLK_Klangraum_1226-scaled.jpg",1810,2560,false],"1536x1536":["https:\/\/pascal-lucke.de\/wp-content\/uploads\/2026\/04\/PLK_Klangraum_1226-1086x1536.jpg",1086,1536,true],"2048x2048":["https:\/\/pascal-lucke.de\/wp-content\/uploads\/2026\/04\/PLK_Klangraum_1226-1448x2048.jpg",1448,2048,true],"ab-block-post-grid-landscape":["https:\/\/pascal-lucke.de\/wp-content\/uploads\/2026\/04\/PLK_Klangraum_1226-600x400.jpg",600,400,true],"ab-block-post-grid-square":["https:\/\/pascal-lucke.de\/wp-content\/uploads\/2026\/04\/PLK_Klangraum_1226-600x600.jpg",600,600,true]},"uagb_author_info":{"display_name":"PL","author_link":"https:\/\/pascal-lucke.de\/?author=2"},"uagb_comment_info":0,"uagb_excerpt":"Wiederholung des Erfolgskonzert 2025!Die sch\u00f6nsten Weihnachtsmelodien aus Jazz, Musical, Pop und Film Datum:&nbsp;11. Dezember 2026Uhrzeit:&nbsp;18:00 Uhr, Einlass ab 17:30 UhrOrt:&nbsp;Ehemalige Sch\u00fclerkapelle (Hermann-Josef-Str. 4, 53925 Kall-Steinfeld)Ausf\u00fchrende:&nbsp;Sophie Mende (Gesang), Pascal Lucke (Klavier)Eintritt:&nbsp;15.-\u20ac Erwachsene, 10.-\u20ac erm\u00e4\u00dfigt (Sch\u00fcler\/Studenten) Nach dem gro\u00dfen Erfolg und einer mehr als ausverkauften Sch\u00fclerkapelle im vergangenen Jahr kehrt das Weihnachtskonzert \u201eO Holy Night\u201c zur\u00fcck: Am&nbsp;Freitag,&hellip;","coauthors":[],"author_meta":{"author_link":"https:\/\/pascal-lucke.de\/?author=2","display_name":"PL"},"relative_dates":{"created":"Posted 4\u00a0Stunden ago","modified":"Updated 4\u00a0Stunden ago"},"absolute_dates":{"created":"Posted on April 5, 2026","modified":"Updated on April 5, 2026"},"absolute_dates_time":{"created":"Posted on April 5, 2026 6:18 p.m.","modified":"Updated on April 5, 2026 6:28 p.m."},"featured_img_caption":"","featured_img":"https:\/\/pascal-lucke.de\/wp-content\/uploads\/2026\/04\/PLK_Klangraum_1226-scaled.jpg","series_order":"","_links":{"self":[{"href":"https:\/\/pascal-lucke.de\/index.php?rest_route=\/wp\/v2\/pages\/1424","targetHints":{"allow":["GET"]}}],"collection":[{"href":"https:\/\/pascal-lucke.de\/index.php?rest_route=\/wp\/v2\/pages"}],"about":[{"href":"https:\/\/pascal-lucke.de\/index.php?rest_route=\/wp\/v2\/types\/page"}],"author":[{"embeddable":true,"href":"https:\/\/pascal-lucke.de\/index.php?rest_route=\/wp\/v2\/users\/2"}],"replies":[{"embeddable":true,"href":"https:\/\/pascal-lucke.de\/index.php?rest_route=%2Fwp%2Fv2%2Fcomments&post=1424"}],"version-history":[{"count":2,"href":"https:\/\/pascal-lucke.de\/index.php?rest_route=\/wp\/v2\/pages\/1424\/revisions"}],"predecessor-version":[{"id":1433,"href":"https:\/\/pascal-lucke.de\/index.php?rest_route=\/wp\/v2\/pages\/1424\/revisions\/1433"}],"wp:featuredmedia":[{"embeddable":true,"href":"https:\/\/pascal-lucke.de\/index.php?rest_route=\/wp\/v2\/media\/1428"}],"wp:attachment":[{"href":"https:\/\/pascal-lucke.de\/index.php?rest_route=%2Fwp%2Fv2%2Fmedia&parent=1424"}],"curies":[{"name":"wp","href":"https:\/\/api.w.org\/{rel}","templated":true}]}}