{"id":1405,"date":"2026-02-02T13:15:18","date_gmt":"2026-02-02T12:15:18","guid":{"rendered":"https:\/\/pascal-lucke.de\/?page_id=1405"},"modified":"2026-02-02T13:20:50","modified_gmt":"2026-02-02T12:20:50","slug":"neuer-projektchor","status":"publish","type":"page","link":"https:\/\/pascal-lucke.de\/?page_id=1405","title":{"rendered":"Neuer Projektchor in Z\u00fclpich"},"content":{"rendered":"\n<p class=\"wp-block-paragraph\"><strong>Beginn:<\/strong>\u00a0Donnerstag, 12. M\u00e4rz 2026 um 19:30 Uhr<br><strong>Probenort:<\/strong>\u00a0Ev. Christus-Kirche Z\u00fclpich (Frankengraben 41, 53909 Z\u00fclpich)<br><strong>Chorleitung:<\/strong>\u00a0Pascal Lucke (<a href=\"mailto:mail@pascal-lucke.de\">mail@pascal-lucke.de<\/a>, 0170 \u2013 87 95 908)<\/p>\n\n\n\n<p class=\"wp-block-paragraph\">Die&nbsp;Evangelische Christus-Kirchengemeinde&nbsp;l\u00e4dt im Fr\u00fchjahr 2026 zur Teilnahme an einem neuen&nbsp;<strong>Projektchor<\/strong>&nbsp;ein. Ab&nbsp;<strong>Donnerstag, 12. M\u00e4rz 2026<\/strong>, treffen sich S\u00e4ngerinnen und S\u00e4nger&nbsp;<strong>w\u00f6chentlich um 19:30 Uhr<\/strong>, um gemeinsam ein vielseitiges Programm zu erarbeiten.<\/p>\n\n\n\n<figure class=\"wp-block-image aligncenter size-full is-resized\"><a href=\"https:\/\/ev-christuskirche-zuelpich.de\" target=\"_blank\" rel=\" noreferrer noopener\"><img loading=\"lazy\" decoding=\"async\" width=\"534\" height=\"300\" src=\"https:\/\/pascal-lucke.de\/wp-content\/uploads\/2021\/04\/Logo-als-jpg.jpg\" alt=\"\" class=\"wp-image-576\" style=\"width:139px;height:auto\" srcset=\"https:\/\/pascal-lucke.de\/wp-content\/uploads\/2021\/04\/Logo-als-jpg.jpg 534w, https:\/\/pascal-lucke.de\/wp-content\/uploads\/2021\/04\/Logo-als-jpg-300x169.jpg 300w\" sizes=\"auto, (max-width: 534px) 100vw, 534px\" \/><\/a><\/figure>\n\n\n\n<p class=\"wp-block-paragraph\">Im Zentrum stehen St\u00fccke aus&nbsp;Musical, Pop und Gospel, erg\u00e4nzt durch&nbsp;weitere Genres der popul\u00e4ren und zeitgen\u00f6ssischen Chormusik. Stilistische Offenheit und klangliche Vielfalt pr\u00e4gen das Projekt ebenso wie die gemeinsame Arbeit an Ausdruck, Text und musikalischer Gestaltung.<\/p>\n\n\n\n<p class=\"wp-block-paragraph\">Der Projektchor richtet sich an Menschen, die Freude am Singen haben und sich auf ein musikalisches Vorhaben mit klarer Zielsetzung einlassen m\u00f6chten \u2013 unabh\u00e4ngig davon, ob bereits Chorerfahrung vorhanden ist. Der zeitlich begrenzte Charakter erm\u00f6glicht eine konzentrierte Probenphase ohne langfristige Verpflichtung und schafft zugleich Raum f\u00fcr gemeinsames musikalisches Wachsen.<\/p>\n\n\n\n<p class=\"wp-block-paragraph\">H\u00f6hepunkte des Projekts sind zwei \u00f6ffentliche Auftritte:<br>Am&nbsp;31. Mai 2026&nbsp;gestaltet der Projektchor einen Gottesdienst musikalisch mit, am&nbsp;5. Juli 2026&nbsp;folgt ein&nbsp;Chorkonzert in der Kirche, bei dem das erarbeitete Programm in gr\u00f6\u00dferem Rahmen pr\u00e4sentiert wird. Beide Termine markieren den Abschluss des Projekts und geben der gemeinsamen Arbeit eine klare Perspektive.<\/p>\n\n\n\n<p class=\"wp-block-paragraph\">Die musikalische Leitung liegt bei\u00a0<strong>Pascal Lucke<\/strong>. Unter seiner Leitung entsteht ein Chorprojekt, das nicht als traditioneller Kirchenchor\u00a0konzipiert ist. Vielmehr verbindet es unterschiedliche musikalische Stile und Ausdrucksformen, die im Kirchenraum eine besondere Wirkung entfalten. Eine Anmeldung ist m\u00f6glich, aber nicht erforderlich. Interessierte k\u00f6nnen auch ohne Voranmeldung an den Proben teilnehmen. Der Projektchor versteht sich als offenes Angebot f\u00fcr alle, die ihre Stimme einbringen und Teil eines gemeinsamen musikalischen Projekts werden m\u00f6chten.\u00a0<\/p>\n\n\n\n<p class=\"wp-block-paragraph\">Weitere Informationen unter\u00a0<a href=\"http:\/\/www.ev-christuskirche-zuelpich.de\/\">www.ev-christuskirche-zuelpich.de<\/a><\/p>\n","protected":false},"excerpt":{"rendered":"<p>Beginn:\u00a0Donnerstag, 12. M\u00e4rz 2026 um 19:30 UhrProbenort:\u00a0Ev. Christus-Kirche Z\u00fclpich (Frankengraben 41, 53909 Z\u00fclpich)Chorleitung:\u00a0Pascal Lucke (mail@pascal-lucke.de, 0170 \u2013 87 95 908) Die&nbsp;Evangelische Christus-Kirchengemeinde&nbsp;l\u00e4dt im Fr\u00fchjahr 2026 zur Teilnahme an einem neuen&nbsp;Projektchor&nbsp;ein. Ab&nbsp;Donnerstag, 12. M\u00e4rz 2026, treffen sich S\u00e4ngerinnen und S\u00e4nger&nbsp;w\u00f6chentlich um 19:30 Uhr, um gemeinsam ein vielseitiges Programm zu erarbeiten. Im Zentrum stehen St\u00fccke aus&nbsp;Musical, Pop [&hellip;]<\/p>\n","protected":false},"author":2,"featured_media":1406,"parent":0,"menu_order":0,"comment_status":"closed","ping_status":"closed","template":"","meta":{"_crdt_document":"","_uag_custom_page_level_css":"","advgb_blocks_editor_width":"","advgb_blocks_columns_visual_guide":"","site-sidebar-layout":"default","site-content-layout":"","ast-site-content-layout":"default","site-content-style":"default","site-sidebar-style":"default","ast-global-header-display":"","ast-banner-title-visibility":"","ast-main-header-display":"","ast-hfb-above-header-display":"","ast-hfb-below-header-display":"","ast-hfb-mobile-header-display":"","site-post-title":"","ast-breadcrumbs-content":"","ast-featured-img":"","footer-sml-layout":"","ast-disable-related-posts":"","theme-transparent-header-meta":"","adv-header-id-meta":"","stick-header-meta":"","header-above-stick-meta":"","header-main-stick-meta":"","header-below-stick-meta":"","astra-migrate-meta-layouts":"set","ast-page-background-enabled":"default","ast-page-background-meta":{"desktop":{"background-color":"","background-image":"","background-repeat":"repeat","background-position":"center center","background-size":"auto","background-attachment":"scroll","background-type":"","background-media":"","overlay-type":"","overlay-color":"","overlay-opacity":"","overlay-gradient":""},"tablet":{"background-color":"","background-image":"","background-repeat":"repeat","background-position":"center center","background-size":"auto","background-attachment":"scroll","background-type":"","background-media":"","overlay-type":"","overlay-color":"","overlay-opacity":"","overlay-gradient":""},"mobile":{"background-color":"","background-image":"","background-repeat":"repeat","background-position":"center center","background-size":"auto","background-attachment":"scroll","background-type":"","background-media":"","overlay-type":"","overlay-color":"","overlay-opacity":"","overlay-gradient":""}},"ast-content-background-meta":{"desktop":{"background-color":"var(--ast-global-color-5)","background-image":"","background-repeat":"repeat","background-position":"center center","background-size":"auto","background-attachment":"scroll","background-type":"","background-media":"","overlay-type":"","overlay-color":"","overlay-opacity":"","overlay-gradient":""},"tablet":{"background-color":"var(--ast-global-color-5)","background-image":"","background-repeat":"repeat","background-position":"center center","background-size":"auto","background-attachment":"scroll","background-type":"","background-media":"","overlay-type":"","overlay-color":"","overlay-opacity":"","overlay-gradient":""},"mobile":{"background-color":"var(--ast-global-color-5)","background-image":"","background-repeat":"repeat","background-position":"center center","background-size":"auto","background-attachment":"scroll","background-type":"","background-media":"","overlay-type":"","overlay-color":"","overlay-opacity":"","overlay-gradient":""}},"ngg_post_thumbnail":0,"footnotes":""},"class_list":["post-1405","page","type-page","status-publish","has-post-thumbnail","hentry"],"featured_image_src":"https:\/\/pascal-lucke.de\/wp-content\/uploads\/2026\/02\/Projektchor-Zuelpich-Plakat-Quadratisch-600x400.png","featured_image_src_square":"https:\/\/pascal-lucke.de\/wp-content\/uploads\/2026\/02\/Projektchor-Zuelpich-Plakat-Quadratisch-600x600.png","uagb_featured_image_src":{"full":["https:\/\/pascal-lucke.de\/wp-content\/uploads\/2026\/02\/Projektchor-Zuelpich-Plakat-Quadratisch-scaled.png",2560,2560,false],"thumbnail":["https:\/\/pascal-lucke.de\/wp-content\/uploads\/2026\/02\/Projektchor-Zuelpich-Plakat-Quadratisch-150x150.png",150,150,true],"medium":["https:\/\/pascal-lucke.de\/wp-content\/uploads\/2026\/02\/Projektchor-Zuelpich-Plakat-Quadratisch-300x300.png",300,300,true],"medium_large":["https:\/\/pascal-lucke.de\/wp-content\/uploads\/2026\/02\/Projektchor-Zuelpich-Plakat-Quadratisch-768x768.png",768,768,true],"large":["https:\/\/pascal-lucke.de\/wp-content\/uploads\/2026\/02\/Projektchor-Zuelpich-Plakat-Quadratisch-scaled.png",2560,2560,false],"1536x1536":["https:\/\/pascal-lucke.de\/wp-content\/uploads\/2026\/02\/Projektchor-Zuelpich-Plakat-Quadratisch-1536x1536.png",1536,1536,true],"2048x2048":["https:\/\/pascal-lucke.de\/wp-content\/uploads\/2026\/02\/Projektchor-Zuelpich-Plakat-Quadratisch-2048x2048.png",2048,2048,true],"ab-block-post-grid-landscape":["https:\/\/pascal-lucke.de\/wp-content\/uploads\/2026\/02\/Projektchor-Zuelpich-Plakat-Quadratisch-600x400.png",600,400,true],"ab-block-post-grid-square":["https:\/\/pascal-lucke.de\/wp-content\/uploads\/2026\/02\/Projektchor-Zuelpich-Plakat-Quadratisch-600x600.png",600,600,true]},"uagb_author_info":{"display_name":"PL","author_link":"https:\/\/pascal-lucke.de\/?author=2"},"uagb_comment_info":0,"uagb_excerpt":"Beginn:\u00a0Donnerstag, 12. M\u00e4rz 2026 um 19:30 UhrProbenort:\u00a0Ev. Christus-Kirche Z\u00fclpich (Frankengraben 41, 53909 Z\u00fclpich)Chorleitung:\u00a0Pascal Lucke (mail@pascal-lucke.de, 0170 \u2013 87 95 908) Die&nbsp;Evangelische Christus-Kirchengemeinde&nbsp;l\u00e4dt im Fr\u00fchjahr 2026 zur Teilnahme an einem neuen&nbsp;Projektchor&nbsp;ein. Ab&nbsp;Donnerstag, 12. M\u00e4rz 2026, treffen sich S\u00e4ngerinnen und S\u00e4nger&nbsp;w\u00f6chentlich um 19:30 Uhr, um gemeinsam ein vielseitiges Programm zu erarbeiten. Im Zentrum stehen St\u00fccke aus&nbsp;Musical, Pop&hellip;","coauthors":[],"author_meta":{"author_link":"https:\/\/pascal-lucke.de\/?author=2","display_name":"PL"},"relative_dates":{"created":"Ver\u00f6ffentlicht 3\u00a0Monaten vor","modified":"Aktualisiert 3\u00a0Monaten vor"},"absolute_dates":{"created":"Ver\u00f6ffentlicht am Februar 2, 2026","modified":"Aktualisiert am Februar 2, 2026"},"absolute_dates_time":{"created":"Ver\u00f6ffentlicht am Februar 2, 2026 1:15 p.m.","modified":"Aktualisiert am Februar 2, 2026 1:20 p.m."},"featured_img_caption":"","featured_img":"https:\/\/pascal-lucke.de\/wp-content\/uploads\/2026\/02\/Projektchor-Zuelpich-Plakat-Quadratisch-scaled.png","series_order":"","_links":{"self":[{"href":"https:\/\/pascal-lucke.de\/index.php?rest_route=\/wp\/v2\/pages\/1405","targetHints":{"allow":["GET"]}}],"collection":[{"href":"https:\/\/pascal-lucke.de\/index.php?rest_route=\/wp\/v2\/pages"}],"about":[{"href":"https:\/\/pascal-lucke.de\/index.php?rest_route=\/wp\/v2\/types\/page"}],"author":[{"embeddable":true,"href":"https:\/\/pascal-lucke.de\/index.php?rest_route=\/wp\/v2\/users\/2"}],"replies":[{"embeddable":true,"href":"https:\/\/pascal-lucke.de\/index.php?rest_route=%2Fwp%2Fv2%2Fcomments&post=1405"}],"version-history":[{"count":2,"href":"https:\/\/pascal-lucke.de\/index.php?rest_route=\/wp\/v2\/pages\/1405\/revisions"}],"predecessor-version":[{"id":1411,"href":"https:\/\/pascal-lucke.de\/index.php?rest_route=\/wp\/v2\/pages\/1405\/revisions\/1411"}],"wp:featuredmedia":[{"embeddable":true,"href":"https:\/\/pascal-lucke.de\/index.php?rest_route=\/wp\/v2\/media\/1406"}],"wp:attachment":[{"href":"https:\/\/pascal-lucke.de\/index.php?rest_route=%2Fwp%2Fv2%2Fmedia&parent=1405"}],"curies":[{"name":"wp","href":"https:\/\/api.w.org\/{rel}","templated":true}]}}