{"id":1338,"date":"2025-10-27T10:47:02","date_gmt":"2025-10-27T09:47:02","guid":{"rendered":"https:\/\/pascal-lucke.de\/?page_id=1338"},"modified":"2025-10-27T10:48:56","modified_gmt":"2025-10-27T09:48:56","slug":"benefizkonzert","status":"publish","type":"page","link":"https:\/\/pascal-lucke.de\/?page_id=1338","title":{"rendered":"Benefizkonzert"},"content":{"rendered":"\n<p class=\"wp-block-paragraph\">Am&nbsp;<strong>16. November 2025<\/strong>&nbsp;<strong>&nbsp;um 18 Uhr<\/strong>&nbsp;wird die&nbsp;<strong>Aula des HJK<\/strong>&nbsp;&nbsp;zum Klangraum f\u00fcr ein au\u00dfergew\u00f6hnliches Konzert:<\/p>\n\n\n\n<p class=\"wp-block-paragraph\">Die&nbsp;<strong>Stiftung Kloster Steinfeld<\/strong>&nbsp;l\u00e4dt zu einem&nbsp;<strong>Benefizabend<\/strong>&nbsp;ein, dessen Erl\u00f6s die Projekte 2026 der Stiftung unterst\u00fctzt \u2013 von der Konzertreihe&nbsp;<em>KlangRaum<\/em>&nbsp;\u00fcber das Festival&nbsp;<em>Steinfeld Calling<\/em>&nbsp;bis hin zu den&nbsp;<em>KinderKlosterTagen<\/em>und der geplanten Reproduktion der \u201everlorenen Glasfenster\u201c des Kreuzgangs.<\/p>\n\n\n\n<p class=\"wp-block-paragraph\">Musikalischer Partner ist die&nbsp;<strong>K\u00f6nigliche Harmonie Hergenrath<\/strong>, ein sinfonisches Blasorchester aus Ostbelgien, das beim Einstufungswettbewerb 2024 mit&nbsp;<strong>96 % in der H\u00f6chststufe<\/strong>&nbsp;ausgezeichnet wurde.<\/p>\n\n\n\n<figure class=\"wp-block-image aligncenter size-full is-resized\"><img loading=\"lazy\" decoding=\"async\" width=\"902\" height=\"1256\" src=\"https:\/\/pascal-lucke.de\/wp-content\/uploads\/2025\/10\/Bildschirmfoto-2025-10-27-um-10.44.37.png\" alt=\"\" class=\"wp-image-1339\" style=\"aspect-ratio:0.7181617662804891;width:302px;height:auto\" srcset=\"https:\/\/pascal-lucke.de\/wp-content\/uploads\/2025\/10\/Bildschirmfoto-2025-10-27-um-10.44.37.png 902w, https:\/\/pascal-lucke.de\/wp-content\/uploads\/2025\/10\/Bildschirmfoto-2025-10-27-um-10.44.37-215x300.png 215w, https:\/\/pascal-lucke.de\/wp-content\/uploads\/2025\/10\/Bildschirmfoto-2025-10-27-um-10.44.37-768x1069.png 768w\" sizes=\"auto, (max-width: 902px) 100vw, 902px\" \/><\/figure>\n\n\n\n<p class=\"wp-block-paragraph\">Das rund 60-k\u00f6pfige Ensemble spielt &nbsp;ein Programm zwischen Klassik und Moderne. Herzst\u00fcck des Abends ist die&nbsp;<strong>6. Sinfonie von Julie Giroux<\/strong>, ein eindrucksvolles Werk \u00fcber die Erde \u2013 begleitet von Filmaufnahmen, die Musik und Bild zu einem emotionalen Gesamterlebnis verbinden.<\/p>\n\n\n\n<p class=\"wp-block-paragraph\">Dank der&nbsp;<strong>Kulturf\u00f6rderung der Deutschsprachigen Gemeinschaft Belgiens<\/strong>&nbsp;kann das Orchester ohne Gagenkosten auftreten \u2013 so kommt jede Spende direkt den Projekten der Stiftung zugute.<\/p>\n\n\n\n<p class=\"wp-block-paragraph\">&#x1f4c5;&nbsp;<strong>Sonntag, 16. November 2025<\/strong><\/p>\n\n\n\n<p class=\"wp-block-paragraph\">&#x1f556;&nbsp;<strong>18:00 Uhr, Aula des HJK Steinfeld<\/strong><\/p>\n\n\n\n<p class=\"wp-block-paragraph\">&#x1f39f;&#xfe0f; Eintritt frei, Spenden willkommen<\/p>\n\n\n\n<p class=\"wp-block-paragraph\">Ein Abend voller Musik, Gemeinschaft und Hoffnung \u2013 f\u00fcr die Zukunft von Kloster Steinfeld.<\/p>\n","protected":false},"excerpt":{"rendered":"<p>Am&nbsp;16. November 2025&nbsp;&nbsp;um 18 Uhr&nbsp;wird die&nbsp;Aula des HJK&nbsp;&nbsp;zum Klangraum f\u00fcr ein au\u00dfergew\u00f6hnliches Konzert: Die&nbsp;Stiftung Kloster Steinfeld&nbsp;l\u00e4dt zu einem&nbsp;Benefizabend&nbsp;ein, dessen Erl\u00f6s die Projekte 2026 der Stiftung unterst\u00fctzt \u2013 von der Konzertreihe&nbsp;KlangRaum&nbsp;\u00fcber das Festival&nbsp;Steinfeld Calling&nbsp;bis hin zu den&nbsp;KinderKlosterTagenund der geplanten Reproduktion der \u201everlorenen Glasfenster\u201c des Kreuzgangs. Musikalischer Partner ist die&nbsp;K\u00f6nigliche Harmonie Hergenrath, ein sinfonisches Blasorchester aus Ostbelgien, [&hellip;]<\/p>\n","protected":false},"author":2,"featured_media":1339,"parent":0,"menu_order":0,"comment_status":"closed","ping_status":"closed","template":"","meta":{"_crdt_document":"","_uag_custom_page_level_css":"","advgb_blocks_editor_width":"","advgb_blocks_columns_visual_guide":"","site-sidebar-layout":"default","site-content-layout":"","ast-site-content-layout":"default","site-content-style":"default","site-sidebar-style":"default","ast-global-header-display":"","ast-banner-title-visibility":"","ast-main-header-display":"","ast-hfb-above-header-display":"","ast-hfb-below-header-display":"","ast-hfb-mobile-header-display":"","site-post-title":"","ast-breadcrumbs-content":"","ast-featured-img":"","footer-sml-layout":"","ast-disable-related-posts":"","theme-transparent-header-meta":"","adv-header-id-meta":"","stick-header-meta":"","header-above-stick-meta":"","header-main-stick-meta":"","header-below-stick-meta":"","astra-migrate-meta-layouts":"set","ast-page-background-enabled":"default","ast-page-background-meta":{"desktop":{"background-color":"","background-image":"","background-repeat":"repeat","background-position":"center center","background-size":"auto","background-attachment":"scroll","background-type":"","background-media":"","overlay-type":"","overlay-color":"","overlay-opacity":"","overlay-gradient":""},"tablet":{"background-color":"","background-image":"","background-repeat":"repeat","background-position":"center center","background-size":"auto","background-attachment":"scroll","background-type":"","background-media":"","overlay-type":"","overlay-color":"","overlay-opacity":"","overlay-gradient":""},"mobile":{"background-color":"","background-image":"","background-repeat":"repeat","background-position":"center center","background-size":"auto","background-attachment":"scroll","background-type":"","background-media":"","overlay-type":"","overlay-color":"","overlay-opacity":"","overlay-gradient":""}},"ast-content-background-meta":{"desktop":{"background-color":"var(--ast-global-color-5)","background-image":"","background-repeat":"repeat","background-position":"center center","background-size":"auto","background-attachment":"scroll","background-type":"","background-media":"","overlay-type":"","overlay-color":"","overlay-opacity":"","overlay-gradient":""},"tablet":{"background-color":"var(--ast-global-color-5)","background-image":"","background-repeat":"repeat","background-position":"center center","background-size":"auto","background-attachment":"scroll","background-type":"","background-media":"","overlay-type":"","overlay-color":"","overlay-opacity":"","overlay-gradient":""},"mobile":{"background-color":"var(--ast-global-color-5)","background-image":"","background-repeat":"repeat","background-position":"center center","background-size":"auto","background-attachment":"scroll","background-type":"","background-media":"","overlay-type":"","overlay-color":"","overlay-opacity":"","overlay-gradient":""}},"ngg_post_thumbnail":0,"footnotes":""},"class_list":["post-1338","page","type-page","status-publish","has-post-thumbnail","hentry"],"featured_image_src":"https:\/\/pascal-lucke.de\/wp-content\/uploads\/2025\/10\/Bildschirmfoto-2025-10-27-um-10.44.37-600x400.png","featured_image_src_square":"https:\/\/pascal-lucke.de\/wp-content\/uploads\/2025\/10\/Bildschirmfoto-2025-10-27-um-10.44.37-600x600.png","uagb_featured_image_src":{"full":["https:\/\/pascal-lucke.de\/wp-content\/uploads\/2025\/10\/Bildschirmfoto-2025-10-27-um-10.44.37.png",902,1256,false],"thumbnail":["https:\/\/pascal-lucke.de\/wp-content\/uploads\/2025\/10\/Bildschirmfoto-2025-10-27-um-10.44.37-150x150.png",150,150,true],"medium":["https:\/\/pascal-lucke.de\/wp-content\/uploads\/2025\/10\/Bildschirmfoto-2025-10-27-um-10.44.37-215x300.png",215,300,true],"medium_large":["https:\/\/pascal-lucke.de\/wp-content\/uploads\/2025\/10\/Bildschirmfoto-2025-10-27-um-10.44.37-768x1069.png",768,1069,true],"large":["https:\/\/pascal-lucke.de\/wp-content\/uploads\/2025\/10\/Bildschirmfoto-2025-10-27-um-10.44.37.png",902,1256,false],"1536x1536":["https:\/\/pascal-lucke.de\/wp-content\/uploads\/2025\/10\/Bildschirmfoto-2025-10-27-um-10.44.37.png",902,1256,false],"2048x2048":["https:\/\/pascal-lucke.de\/wp-content\/uploads\/2025\/10\/Bildschirmfoto-2025-10-27-um-10.44.37.png",902,1256,false],"ab-block-post-grid-landscape":["https:\/\/pascal-lucke.de\/wp-content\/uploads\/2025\/10\/Bildschirmfoto-2025-10-27-um-10.44.37-600x400.png",600,400,true],"ab-block-post-grid-square":["https:\/\/pascal-lucke.de\/wp-content\/uploads\/2025\/10\/Bildschirmfoto-2025-10-27-um-10.44.37-600x600.png",600,600,true]},"uagb_author_info":{"display_name":"PL","author_link":"https:\/\/pascal-lucke.de\/?author=2"},"uagb_comment_info":0,"uagb_excerpt":"Am&nbsp;16. November 2025&nbsp;&nbsp;um 18 Uhr&nbsp;wird die&nbsp;Aula des HJK&nbsp;&nbsp;zum Klangraum f\u00fcr ein au\u00dfergew\u00f6hnliches Konzert: Die&nbsp;Stiftung Kloster Steinfeld&nbsp;l\u00e4dt zu einem&nbsp;Benefizabend&nbsp;ein, dessen Erl\u00f6s die Projekte 2026 der Stiftung unterst\u00fctzt \u2013 von der Konzertreihe&nbsp;KlangRaum&nbsp;\u00fcber das Festival&nbsp;Steinfeld Calling&nbsp;bis hin zu den&nbsp;KinderKlosterTagenund der geplanten Reproduktion der \u201everlorenen Glasfenster\u201c des Kreuzgangs. Musikalischer Partner ist die&nbsp;K\u00f6nigliche Harmonie Hergenrath, ein sinfonisches Blasorchester aus Ostbelgien,&hellip;","coauthors":[],"author_meta":{"author_link":"https:\/\/pascal-lucke.de\/?author=2","display_name":"PL"},"relative_dates":{"created":"Ver\u00f6ffentlicht 6\u00a0Monaten vor","modified":"Aktualisiert 6\u00a0Monaten vor"},"absolute_dates":{"created":"Ver\u00f6ffentlicht am Oktober 27, 2025","modified":"Aktualisiert am Oktober 27, 2025"},"absolute_dates_time":{"created":"Ver\u00f6ffentlicht am Oktober 27, 2025 10:47 a.m.","modified":"Aktualisiert am Oktober 27, 2025 10:48 a.m."},"featured_img_caption":"","featured_img":"https:\/\/pascal-lucke.de\/wp-content\/uploads\/2025\/10\/Bildschirmfoto-2025-10-27-um-10.44.37.png","series_order":"","_links":{"self":[{"href":"https:\/\/pascal-lucke.de\/index.php?rest_route=\/wp\/v2\/pages\/1338","targetHints":{"allow":["GET"]}}],"collection":[{"href":"https:\/\/pascal-lucke.de\/index.php?rest_route=\/wp\/v2\/pages"}],"about":[{"href":"https:\/\/pascal-lucke.de\/index.php?rest_route=\/wp\/v2\/types\/page"}],"author":[{"embeddable":true,"href":"https:\/\/pascal-lucke.de\/index.php?rest_route=\/wp\/v2\/users\/2"}],"replies":[{"embeddable":true,"href":"https:\/\/pascal-lucke.de\/index.php?rest_route=%2Fwp%2Fv2%2Fcomments&post=1338"}],"version-history":[{"count":2,"href":"https:\/\/pascal-lucke.de\/index.php?rest_route=\/wp\/v2\/pages\/1338\/revisions"}],"predecessor-version":[{"id":1342,"href":"https:\/\/pascal-lucke.de\/index.php?rest_route=\/wp\/v2\/pages\/1338\/revisions\/1342"}],"wp:featuredmedia":[{"embeddable":true,"href":"https:\/\/pascal-lucke.de\/index.php?rest_route=\/wp\/v2\/media\/1339"}],"wp:attachment":[{"href":"https:\/\/pascal-lucke.de\/index.php?rest_route=%2Fwp%2Fv2%2Fmedia&parent=1338"}],"curies":[{"name":"wp","href":"https:\/\/api.w.org\/{rel}","templated":true}]}}