{"id":1068,"date":"2024-05-22T17:46:44","date_gmt":"2024-05-22T15:46:44","guid":{"rendered":"https:\/\/pascal-lucke.de\/?page_id=1068"},"modified":"2026-01-06T18:00:16","modified_gmt":"2026-01-06T17:00:16","slug":"lucke-events","status":"publish","type":"page","link":"https:\/\/pascal-lucke.de\/?page_id=1068","title":{"rendered":"Lucke Events"},"content":{"rendered":"\n<figure class=\"wp-block-image aligncenter size-full is-resized\"><img loading=\"lazy\" decoding=\"async\" width=\"2000\" height=\"2000\" src=\"https:\/\/pascal-lucke.de\/wp-content\/uploads\/2025\/10\/Logo-Lucke-Events.png\" alt=\"\" class=\"wp-image-1313\" style=\"width:200px;height:auto\" srcset=\"https:\/\/pascal-lucke.de\/wp-content\/uploads\/2025\/10\/Logo-Lucke-Events.png 2000w, https:\/\/pascal-lucke.de\/wp-content\/uploads\/2025\/10\/Logo-Lucke-Events-300x300.png 300w, https:\/\/pascal-lucke.de\/wp-content\/uploads\/2025\/10\/Logo-Lucke-Events-150x150.png 150w, https:\/\/pascal-lucke.de\/wp-content\/uploads\/2025\/10\/Logo-Lucke-Events-768x768.png 768w, https:\/\/pascal-lucke.de\/wp-content\/uploads\/2025\/10\/Logo-Lucke-Events-1536x1536.png 1536w, https:\/\/pascal-lucke.de\/wp-content\/uploads\/2025\/10\/Logo-Lucke-Events-600x600.png 600w\" sizes=\"auto, (max-width: 2000px) 100vw, 2000px\" \/><\/figure>\n\n\n\n<p class=\"wp-block-paragraph\">Ob Hochzeit, Konzert, Firmenfeier oder Kulturveranstaltung \u2013 wir sorgen f\u00fcr den richtigen Ton und einen reibungslosen Ablauf.<br>Mit professioneller Technik, pers\u00f6nlicher Betreuung und einem geschulten Blick f\u00fcrs Detail begleiten wir Ihre Veranstaltung von Anfang bis Ende.<\/p>\n\n\n\n<p class=\"wp-block-paragraph\">Lucke Events&nbsp;steht f\u00fcr zuverl\u00e4ssige Veranstaltungstechnik, die wirkt \u2013 ohne aufzufallen. Damit Ihr Event im Mittelpunkt steht.<\/p>\n\n\n\n<h4 class=\"wp-block-heading\"><strong>Technik, die den Unterschied macht<\/strong><\/h4>\n\n\n\n<p class=\"wp-block-paragraph\">Unser hochwertiger Ger\u00e4tebestand erm\u00f6glicht ma\u00dfgeschneiderte L\u00f6sungen f\u00fcr jede Veranstaltungsgr\u00f6\u00dfe:<\/p>\n\n\n\n<p class=\"wp-block-paragraph\">\u2013&nbsp;<strong>Kraftvolle Beschallungsanlagen<\/strong>&nbsp;f\u00fcr klaren Sound \u2013 von der dezenten Hintergrundmusik bis zur vollen Konzertlautst\u00e4rke<br>\u2013&nbsp;<strong>Moderne Mischpulte<\/strong>&nbsp;f\u00fcr fein abgestimmte Klanggestaltung \u2013 professionell betreut, auf Wunsch auch zur Selbstbedienung<br>\u2013&nbsp;<strong>Mikrofone f\u00fcr jede Situation<\/strong>&nbsp;\u2013 Reden, Gesang, Instrumente \u2013 kabellos oder verkabelt, immer gut verst\u00e4ndlich<br>\u2013&nbsp;<strong>Zuverl\u00e4ssige Verkabelung und Anschlusstechnik<\/strong>&nbsp;\u2013 sicher verlegt, funktionsgepr\u00fcft und optisch unauff\u00e4llig<\/p>\n\n\n\n<p class=\"wp-block-paragraph\">Unsere Technik wird regelm\u00e4\u00dfig gewartet, gepr\u00fcft und auf Ihre Anforderungen abgestimmt \u2013 damit Sie sich auf das Wesentliche konzentrieren k\u00f6nnen: Ihre G\u00e4ste und den Moment.<\/p>\n\n\n\n<h4 class=\"wp-block-heading\"><strong>Unser Service \u2013 pers\u00f6nlich, professionell, pr\u00e4sent<\/strong><\/h4>\n\n\n\n<p class=\"wp-block-paragraph\"><strong>Individuelle Beratung<\/strong>&nbsp;\u2013 wir h\u00f6ren zu und denken mit<br><strong>Detaillierte Planung<\/strong>&nbsp;\u2013 passend zu Ort, Anlass und Publikum<br><strong>Technischer Aufbau &amp; Abbau<\/strong>&nbsp;\u2013 p\u00fcnktlich, pr\u00e4zise, sicher<br><strong>Betreuung vor Ort<\/strong>&nbsp;\u2013 dezent im Hintergrund, bereit f\u00fcr jedes Detail<br><strong>Vermittlung erg\u00e4nzender Leistungen<\/strong>&nbsp;\u2013 z.\u202fB. Lichttechnik, B\u00fchnenbau oder DJ-Service \u00fcber unser Partnernetzwerk<\/p>\n\n\n\n<p class=\"wp-block-paragraph\"><strong>Und wenn mal etwas schiefl\u00e4uft?<\/strong><br>Auch bei kurzfristigen technischen Engp\u00e4ssen stehen wir bereit:<br>Ob ein defektes Mikrofon oder ein ausgefallenes Mischpult \u2013 wir helfen&nbsp;spontan und unkompliziert&nbsp;mit passendem Ersatz weiter. Nicht der Gewinn steht f\u00fcr uns im Vordergrund, sondern Ihr Gelingen und Ihre Zufriedenheit.<\/p>\n\n\n\n<p class=\"wp-block-paragraph\">Ob kleines Familienfest oder gro\u00dfes Live-Konzert \u2013 wir passen unsere Leistungen exakt an Ihre W\u00fcnsche an.<\/p>\n\n\n\n<p class=\"wp-block-paragraph\"><a href=\"mailto:veranstaltungstechnik@pascal-lucke.de\">Kontaktieren<\/a> Sie uns f\u00fcr weitere Informationen!<\/p>\n\n\n\n<p class=\"wp-block-paragraph\">Hier wurde die gesamte Mikrofonierung (Chor, Orchester, Gesangssolisten und Sprecher), FOH, Monitoring, Funkstrecken und Recording (\u00fcber 50 Ein- und Ausgangskan\u00e4le) von &#8222;Lucke Events&#8220; und die Lichttechnik von Sven Peters (<a href=\"https:\/\/www.vj-sven.de\">www.vj-sven.de<\/a>) realisiert:<\/p>\n\n\n\n<figure class=\"wp-block-gallery has-nested-images columns-2 is-cropped wp-block-gallery-1 is-layout-flex wp-block-gallery-is-layout-flex\">\n<figure class=\"wp-block-image size-full\"><img loading=\"lazy\" decoding=\"async\" width=\"2048\" height=\"1536\" data-id=\"1211\" src=\"https:\/\/pascal-lucke.de\/wp-content\/uploads\/2025\/05\/5985afd3-0190-4875-9463-deceb23e123b.jpg\" alt=\"\" class=\"wp-image-1211\" srcset=\"https:\/\/pascal-lucke.de\/wp-content\/uploads\/2025\/05\/5985afd3-0190-4875-9463-deceb23e123b.jpg 2048w, https:\/\/pascal-lucke.de\/wp-content\/uploads\/2025\/05\/5985afd3-0190-4875-9463-deceb23e123b-300x225.jpg 300w, https:\/\/pascal-lucke.de\/wp-content\/uploads\/2025\/05\/5985afd3-0190-4875-9463-deceb23e123b-768x576.jpg 768w, https:\/\/pascal-lucke.de\/wp-content\/uploads\/2025\/05\/5985afd3-0190-4875-9463-deceb23e123b-1536x1152.jpg 1536w\" sizes=\"auto, (max-width: 2048px) 100vw, 2048px\" \/><\/figure>\n\n\n\n<figure class=\"wp-block-image size-full\"><img loading=\"lazy\" decoding=\"async\" width=\"2560\" height=\"1709\" data-id=\"1388\" src=\"https:\/\/pascal-lucke.de\/wp-content\/uploads\/2026\/01\/DSC_8116-scaled.png\" alt=\"\" class=\"wp-image-1388\" srcset=\"https:\/\/pascal-lucke.de\/wp-content\/uploads\/2026\/01\/DSC_8116-scaled.png 2560w, https:\/\/pascal-lucke.de\/wp-content\/uploads\/2026\/01\/DSC_8116-300x200.png 300w, https:\/\/pascal-lucke.de\/wp-content\/uploads\/2026\/01\/DSC_8116-768x513.png 768w, https:\/\/pascal-lucke.de\/wp-content\/uploads\/2026\/01\/DSC_8116-1536x1025.png 1536w, https:\/\/pascal-lucke.de\/wp-content\/uploads\/2026\/01\/DSC_8116-2048x1367.png 2048w, https:\/\/pascal-lucke.de\/wp-content\/uploads\/2026\/01\/DSC_8116-600x400.png 600w\" sizes=\"auto, (max-width: 2560px) 100vw, 2560px\" \/><\/figure>\n\n\n\n<figure class=\"wp-block-image size-full\"><img loading=\"lazy\" decoding=\"async\" width=\"2560\" height=\"1709\" data-id=\"1386\" src=\"https:\/\/pascal-lucke.de\/wp-content\/uploads\/2026\/01\/DSC_8071-scaled.png\" alt=\"\" class=\"wp-image-1386\" srcset=\"https:\/\/pascal-lucke.de\/wp-content\/uploads\/2026\/01\/DSC_8071-scaled.png 2560w, https:\/\/pascal-lucke.de\/wp-content\/uploads\/2026\/01\/DSC_8071-300x200.png 300w, https:\/\/pascal-lucke.de\/wp-content\/uploads\/2026\/01\/DSC_8071-768x513.png 768w, https:\/\/pascal-lucke.de\/wp-content\/uploads\/2026\/01\/DSC_8071-1536x1025.png 1536w, https:\/\/pascal-lucke.de\/wp-content\/uploads\/2026\/01\/DSC_8071-2048x1367.png 2048w, https:\/\/pascal-lucke.de\/wp-content\/uploads\/2026\/01\/DSC_8071-600x400.png 600w\" sizes=\"auto, (max-width: 2560px) 100vw, 2560px\" \/><\/figure>\n\n\n\n<figure class=\"wp-block-image size-full\"><img loading=\"lazy\" decoding=\"async\" width=\"2560\" height=\"1709\" data-id=\"1375\" src=\"https:\/\/pascal-lucke.de\/wp-content\/uploads\/2025\/12\/DSC_8074-kompri-scaled.png\" alt=\"\" class=\"wp-image-1375\" srcset=\"https:\/\/pascal-lucke.de\/wp-content\/uploads\/2025\/12\/DSC_8074-kompri-scaled.png 2560w, https:\/\/pascal-lucke.de\/wp-content\/uploads\/2025\/12\/DSC_8074-kompri-300x200.png 300w, https:\/\/pascal-lucke.de\/wp-content\/uploads\/2025\/12\/DSC_8074-kompri-768x513.png 768w, https:\/\/pascal-lucke.de\/wp-content\/uploads\/2025\/12\/DSC_8074-kompri-1536x1025.png 1536w, https:\/\/pascal-lucke.de\/wp-content\/uploads\/2025\/12\/DSC_8074-kompri-2048x1367.png 2048w, https:\/\/pascal-lucke.de\/wp-content\/uploads\/2025\/12\/DSC_8074-kompri-600x400.png 600w\" sizes=\"auto, (max-width: 2560px) 100vw, 2560px\" \/><\/figure>\n\n\n\n<figure class=\"wp-block-image size-full\"><img loading=\"lazy\" decoding=\"async\" width=\"2560\" height=\"1440\" data-id=\"1278\" src=\"https:\/\/pascal-lucke.de\/wp-content\/uploads\/2025\/09\/39cbdcb6-92e7-4dcc-9fc6-2b6518c835a4-scaled.jpg\" alt=\"\" class=\"wp-image-1278\" srcset=\"https:\/\/pascal-lucke.de\/wp-content\/uploads\/2025\/09\/39cbdcb6-92e7-4dcc-9fc6-2b6518c835a4-scaled.jpg 2560w, https:\/\/pascal-lucke.de\/wp-content\/uploads\/2025\/09\/39cbdcb6-92e7-4dcc-9fc6-2b6518c835a4-300x169.jpg 300w, https:\/\/pascal-lucke.de\/wp-content\/uploads\/2025\/09\/39cbdcb6-92e7-4dcc-9fc6-2b6518c835a4-768x432.jpg 768w, https:\/\/pascal-lucke.de\/wp-content\/uploads\/2025\/09\/39cbdcb6-92e7-4dcc-9fc6-2b6518c835a4-1536x864.jpg 1536w, https:\/\/pascal-lucke.de\/wp-content\/uploads\/2025\/09\/39cbdcb6-92e7-4dcc-9fc6-2b6518c835a4-2048x1152.jpg 2048w\" sizes=\"auto, (max-width: 2560px) 100vw, 2560px\" \/><\/figure>\n<\/figure>\n\n\n\n<p class=\"wp-block-paragraph\"><\/p>\n\n\n\n<p class=\"wp-block-paragraph\">Weitere Einblicke:<\/p>\n\n\n\n<figure class=\"wp-block-gallery has-nested-images columns-3 is-cropped wp-block-gallery-2 is-layout-flex wp-block-gallery-is-layout-flex\">\n<figure class=\"wp-block-image size-full\"><img loading=\"lazy\" decoding=\"async\" width=\"2560\" height=\"1920\" data-id=\"1321\" src=\"https:\/\/pascal-lucke.de\/wp-content\/uploads\/2025\/10\/IMG_7154-scaled.jpg\" alt=\"\" class=\"wp-image-1321\" srcset=\"https:\/\/pascal-lucke.de\/wp-content\/uploads\/2025\/10\/IMG_7154-scaled.jpg 2560w, https:\/\/pascal-lucke.de\/wp-content\/uploads\/2025\/10\/IMG_7154-300x225.jpg 300w, https:\/\/pascal-lucke.de\/wp-content\/uploads\/2025\/10\/IMG_7154-768x576.jpg 768w, https:\/\/pascal-lucke.de\/wp-content\/uploads\/2025\/10\/IMG_7154-1536x1152.jpg 1536w, https:\/\/pascal-lucke.de\/wp-content\/uploads\/2025\/10\/IMG_7154-2048x1536.jpg 2048w\" sizes=\"auto, (max-width: 2560px) 100vw, 2560px\" \/><\/figure>\n\n\n\n<figure class=\"wp-block-image size-full\"><img loading=\"lazy\" decoding=\"async\" width=\"2560\" height=\"1598\" data-id=\"1390\" src=\"https:\/\/pascal-lucke.de\/wp-content\/uploads\/2026\/01\/WhatsApp-Image-2026-01-06-at-17.57.26-scaled.jpeg\" alt=\"\" class=\"wp-image-1390\" srcset=\"https:\/\/pascal-lucke.de\/wp-content\/uploads\/2026\/01\/WhatsApp-Image-2026-01-06-at-17.57.26-scaled.jpeg 2560w, https:\/\/pascal-lucke.de\/wp-content\/uploads\/2026\/01\/WhatsApp-Image-2026-01-06-at-17.57.26-300x187.jpeg 300w, https:\/\/pascal-lucke.de\/wp-content\/uploads\/2026\/01\/WhatsApp-Image-2026-01-06-at-17.57.26-768x479.jpeg 768w, https:\/\/pascal-lucke.de\/wp-content\/uploads\/2026\/01\/WhatsApp-Image-2026-01-06-at-17.57.26-1536x959.jpeg 1536w, https:\/\/pascal-lucke.de\/wp-content\/uploads\/2026\/01\/WhatsApp-Image-2026-01-06-at-17.57.26-2048x1278.jpeg 2048w\" sizes=\"auto, (max-width: 2560px) 100vw, 2560px\" \/><\/figure>\n\n\n\n<figure class=\"wp-block-image size-full\"><img loading=\"lazy\" decoding=\"async\" width=\"2560\" height=\"1920\" data-id=\"1314\" src=\"https:\/\/pascal-lucke.de\/wp-content\/uploads\/2025\/10\/IMG_7081-scaled.jpg\" alt=\"\" class=\"wp-image-1314\" srcset=\"https:\/\/pascal-lucke.de\/wp-content\/uploads\/2025\/10\/IMG_7081-scaled.jpg 2560w, https:\/\/pascal-lucke.de\/wp-content\/uploads\/2025\/10\/IMG_7081-300x225.jpg 300w, https:\/\/pascal-lucke.de\/wp-content\/uploads\/2025\/10\/IMG_7081-768x576.jpg 768w, https:\/\/pascal-lucke.de\/wp-content\/uploads\/2025\/10\/IMG_7081-1536x1152.jpg 1536w, https:\/\/pascal-lucke.de\/wp-content\/uploads\/2025\/10\/IMG_7081-2048x1536.jpg 2048w\" sizes=\"auto, (max-width: 2560px) 100vw, 2560px\" \/><\/figure>\n\n\n\n<figure class=\"wp-block-image size-full\"><img loading=\"lazy\" decoding=\"async\" width=\"1920\" height=\"2560\" data-id=\"1385\" src=\"https:\/\/pascal-lucke.de\/wp-content\/uploads\/2026\/01\/WhatsApp-Image-2026-01-06-at-17.41.07-scaled.jpeg\" alt=\"\" class=\"wp-image-1385\" srcset=\"https:\/\/pascal-lucke.de\/wp-content\/uploads\/2026\/01\/WhatsApp-Image-2026-01-06-at-17.41.07-scaled.jpeg 1920w, https:\/\/pascal-lucke.de\/wp-content\/uploads\/2026\/01\/WhatsApp-Image-2026-01-06-at-17.41.07-225x300.jpeg 225w, https:\/\/pascal-lucke.de\/wp-content\/uploads\/2026\/01\/WhatsApp-Image-2026-01-06-at-17.41.07-768x1024.jpeg 768w, https:\/\/pascal-lucke.de\/wp-content\/uploads\/2026\/01\/WhatsApp-Image-2026-01-06-at-17.41.07-1152x1536.jpeg 1152w, https:\/\/pascal-lucke.de\/wp-content\/uploads\/2026\/01\/WhatsApp-Image-2026-01-06-at-17.41.07-1536x2048.jpeg 1536w\" sizes=\"auto, (max-width: 1920px) 100vw, 1920px\" \/><\/figure>\n\n\n\n<figure class=\"wp-block-image size-full\"><img loading=\"lazy\" decoding=\"async\" width=\"1200\" height=\"1600\" data-id=\"1281\" src=\"https:\/\/pascal-lucke.de\/wp-content\/uploads\/2025\/09\/PHOTO-2025-09-18-09-06-27.jpg\" alt=\"\" class=\"wp-image-1281\" srcset=\"https:\/\/pascal-lucke.de\/wp-content\/uploads\/2025\/09\/PHOTO-2025-09-18-09-06-27.jpg 1200w, https:\/\/pascal-lucke.de\/wp-content\/uploads\/2025\/09\/PHOTO-2025-09-18-09-06-27-225x300.jpg 225w, https:\/\/pascal-lucke.de\/wp-content\/uploads\/2025\/09\/PHOTO-2025-09-18-09-06-27-768x1024.jpg 768w, https:\/\/pascal-lucke.de\/wp-content\/uploads\/2025\/09\/PHOTO-2025-09-18-09-06-27-1152x1536.jpg 1152w\" sizes=\"auto, (max-width: 1200px) 100vw, 1200px\" \/><\/figure>\n<\/figure>\n","protected":false},"excerpt":{"rendered":"<p>Ob Hochzeit, Konzert, Firmenfeier oder Kulturveranstaltung \u2013 wir sorgen f\u00fcr den richtigen Ton und einen reibungslosen Ablauf.Mit professioneller Technik, pers\u00f6nlicher Betreuung und einem geschulten Blick f\u00fcrs Detail begleiten wir Ihre Veranstaltung von Anfang bis Ende. Lucke Events&nbsp;steht f\u00fcr zuverl\u00e4ssige Veranstaltungstechnik, die wirkt \u2013 ohne aufzufallen. Damit Ihr Event im Mittelpunkt steht. Technik, die den Unterschied [&hellip;]<\/p>\n","protected":false},"author":2,"featured_media":1069,"parent":0,"menu_order":0,"comment_status":"closed","ping_status":"closed","template":"","meta":{"_crdt_document":"","_uag_custom_page_level_css":"","advgb_blocks_editor_width":"","advgb_blocks_columns_visual_guide":"","site-sidebar-layout":"default","site-content-layout":"","ast-site-content-layout":"default","site-content-style":"default","site-sidebar-style":"default","ast-global-header-display":"","ast-banner-title-visibility":"","ast-main-header-display":"","ast-hfb-above-header-display":"","ast-hfb-below-header-display":"","ast-hfb-mobile-header-display":"","site-post-title":"","ast-breadcrumbs-content":"","ast-featured-img":"","footer-sml-layout":"","ast-disable-related-posts":"","theme-transparent-header-meta":"","adv-header-id-meta":"","stick-header-meta":"","header-above-stick-meta":"","header-main-stick-meta":"","header-below-stick-meta":"","astra-migrate-meta-layouts":"set","ast-page-background-enabled":"default","ast-page-background-meta":{"desktop":{"background-color":"","background-image":"","background-repeat":"repeat","background-position":"center center","background-size":"auto","background-attachment":"scroll","background-type":"","background-media":"","overlay-type":"","overlay-color":"","overlay-opacity":"","overlay-gradient":""},"tablet":{"background-color":"","background-image":"","background-repeat":"repeat","background-position":"center center","background-size":"auto","background-attachment":"scroll","background-type":"","background-media":"","overlay-type":"","overlay-color":"","overlay-opacity":"","overlay-gradient":""},"mobile":{"background-color":"","background-image":"","background-repeat":"repeat","background-position":"center center","background-size":"auto","background-attachment":"scroll","background-type":"","background-media":"","overlay-type":"","overlay-color":"","overlay-opacity":"","overlay-gradient":""}},"ast-content-background-meta":{"desktop":{"background-color":"var(--ast-global-color-5)","background-image":"","background-repeat":"repeat","background-position":"center center","background-size":"auto","background-attachment":"scroll","background-type":"","background-media":"","overlay-type":"","overlay-color":"","overlay-opacity":"","overlay-gradient":""},"tablet":{"background-color":"var(--ast-global-color-5)","background-image":"","background-repeat":"repeat","background-position":"center center","background-size":"auto","background-attachment":"scroll","background-type":"","background-media":"","overlay-type":"","overlay-color":"","overlay-opacity":"","overlay-gradient":""},"mobile":{"background-color":"var(--ast-global-color-5)","background-image":"","background-repeat":"repeat","background-position":"center center","background-size":"auto","background-attachment":"scroll","background-type":"","background-media":"","overlay-type":"","overlay-color":"","overlay-opacity":"","overlay-gradient":""}},"ngg_post_thumbnail":0,"footnotes":""},"class_list":["post-1068","page","type-page","status-publish","has-post-thumbnail","hentry"],"featured_image_src":"https:\/\/pascal-lucke.de\/wp-content\/uploads\/2024\/05\/Logo-Lucke-Events-600x400.png","featured_image_src_square":"https:\/\/pascal-lucke.de\/wp-content\/uploads\/2024\/05\/Logo-Lucke-Events-600x600.png","uagb_featured_image_src":{"full":["https:\/\/pascal-lucke.de\/wp-content\/uploads\/2024\/05\/Logo-Lucke-Events.png",1200,1200,false],"thumbnail":["https:\/\/pascal-lucke.de\/wp-content\/uploads\/2024\/05\/Logo-Lucke-Events-150x150.png",150,150,true],"medium":["https:\/\/pascal-lucke.de\/wp-content\/uploads\/2024\/05\/Logo-Lucke-Events-300x300.png",300,300,true],"medium_large":["https:\/\/pascal-lucke.de\/wp-content\/uploads\/2024\/05\/Logo-Lucke-Events-768x768.png",768,768,true],"large":["https:\/\/pascal-lucke.de\/wp-content\/uploads\/2024\/05\/Logo-Lucke-Events.png",1200,1200,false],"1536x1536":["https:\/\/pascal-lucke.de\/wp-content\/uploads\/2024\/05\/Logo-Lucke-Events.png",1200,1200,false],"2048x2048":["https:\/\/pascal-lucke.de\/wp-content\/uploads\/2024\/05\/Logo-Lucke-Events.png",1200,1200,false],"ab-block-post-grid-landscape":["https:\/\/pascal-lucke.de\/wp-content\/uploads\/2024\/05\/Logo-Lucke-Events-600x400.png",600,400,true],"ab-block-post-grid-square":["https:\/\/pascal-lucke.de\/wp-content\/uploads\/2024\/05\/Logo-Lucke-Events-600x600.png",600,600,true]},"uagb_author_info":{"display_name":"PL","author_link":"https:\/\/pascal-lucke.de\/?author=2"},"uagb_comment_info":0,"uagb_excerpt":"Ob Hochzeit, Konzert, Firmenfeier oder Kulturveranstaltung \u2013 wir sorgen f\u00fcr den richtigen Ton und einen reibungslosen Ablauf.Mit professioneller Technik, pers\u00f6nlicher Betreuung und einem geschulten Blick f\u00fcrs Detail begleiten wir Ihre Veranstaltung von Anfang bis Ende. Lucke Events&nbsp;steht f\u00fcr zuverl\u00e4ssige Veranstaltungstechnik, die wirkt \u2013 ohne aufzufallen. Damit Ihr Event im Mittelpunkt steht. Technik, die den Unterschied&hellip;","coauthors":[],"author_meta":{"author_link":"https:\/\/pascal-lucke.de\/?author=2","display_name":"PL"},"relative_dates":{"created":"Ver\u00f6ffentlicht 2\u00a0Jahren vor","modified":"Aktualisiert 3\u00a0Monaten vor"},"absolute_dates":{"created":"Ver\u00f6ffentlicht am Mai 22, 2024","modified":"Aktualisiert am Januar 6, 2026"},"absolute_dates_time":{"created":"Ver\u00f6ffentlicht am Mai 22, 2024 5:46 p.m.","modified":"Aktualisiert am Januar 6, 2026 6:00 p.m."},"featured_img_caption":"","featured_img":"https:\/\/pascal-lucke.de\/wp-content\/uploads\/2024\/05\/Logo-Lucke-Events.png","series_order":"","_links":{"self":[{"href":"https:\/\/pascal-lucke.de\/index.php?rest_route=\/wp\/v2\/pages\/1068","targetHints":{"allow":["GET"]}}],"collection":[{"href":"https:\/\/pascal-lucke.de\/index.php?rest_route=\/wp\/v2\/pages"}],"about":[{"href":"https:\/\/pascal-lucke.de\/index.php?rest_route=\/wp\/v2\/types\/page"}],"author":[{"embeddable":true,"href":"https:\/\/pascal-lucke.de\/index.php?rest_route=\/wp\/v2\/users\/2"}],"replies":[{"embeddable":true,"href":"https:\/\/pascal-lucke.de\/index.php?rest_route=%2Fwp%2Fv2%2Fcomments&post=1068"}],"version-history":[{"count":22,"href":"https:\/\/pascal-lucke.de\/index.php?rest_route=\/wp\/v2\/pages\/1068\/revisions"}],"predecessor-version":[{"id":1391,"href":"https:\/\/pascal-lucke.de\/index.php?rest_route=\/wp\/v2\/pages\/1068\/revisions\/1391"}],"wp:featuredmedia":[{"embeddable":true,"href":"https:\/\/pascal-lucke.de\/index.php?rest_route=\/wp\/v2\/media\/1069"}],"wp:attachment":[{"href":"https:\/\/pascal-lucke.de\/index.php?rest_route=%2Fwp%2Fv2%2Fmedia&parent=1068"}],"curies":[{"name":"wp","href":"https:\/\/api.w.org\/{rel}","templated":true}]}}